{"id":526,"date":"2021-11-15T20:20:26","date_gmt":"2021-11-15T19:20:26","guid":{"rendered":"http:\/\/www.web228.lx16.ihr-host.de\/?page_id=526"},"modified":"2023-01-25T12:11:32","modified_gmt":"2023-01-25T11:11:32","slug":"cabinet-dentaire-et-chirurgie-orale-a-freiburg-allemagne","status":"publish","type":"page","link":"https:\/\/www.dr-lessing.de\/fr\/","title":{"rendered":"Cabinet dentaire et Chirurgie orale \u00e0 Freiburg\/Allemagne"},"content":{"rendered":"<div class=\"entry-content\">\n<p>\u00cates-vous \u00e0 la recherche d\u2019un experts polyvalent, vers\u00e9 dans tous les domaines de la m\u00e9decine dentaire moderne d\u2019aujourd\u2019hui? Pourquoi ne pas visiter notre cabinet dentaire pr\u00e8s du centre de Freiburg.<\/p>\n<p>Nous offrons des solutions modernes y compris des techniques innovatives et alternatives. Nous recevons bien des transferts pour le traitement de parodontite, le traitment de canal et la r\u00e9habilitation dentaire biologique.<\/p>\n<p>Notre but pricipal est sauver les dents. Pour r\u00e9parer le d\u00e9gats des dents nous travaillons d`une fa,con minimal-invasive.<\/p>\n<p>Notre \u00e9quipe de la pratique dentaire serait tr\u00e8s heureux si vous pouviez mettre votre sant\u00e9 dentaire \u00e0 long term dans nos mains.<\/p>\n<\/div>\n\n\n<p><\/p>\n","protected":false},"excerpt":{"rendered":"<p>\u00cates-vous \u00e0 la recherche d\u2019un experts polyvalent, vers\u00e9 dans tous les domaines de la m\u00e9decine dentaire moderne d\u2019aujourd\u2019hui? Pourquoi ne pas visiter notre cabinet dentaire pr\u00e8s du centre de Freiburg. Nous offrons des solutions modernes y compris des techniques innovatives et alternatives. Nous recevons bien des transferts pour le traitement de parodontite, le traitment de &hellip; <\/p>\n<p class=\"link-more\"><a href=\"https:\/\/www.dr-lessing.de\/fr\/\" class=\"more-link\">Continuer la lecture<span class=\"screen-reader-text\"> de &laquo;&nbsp;Cabinet dentaire et Chirurgie orale \u00e0 Freiburg\/Allemagne&nbsp;&raquo;<\/span><\/a><\/p>\n","protected":false},"author":1,"featured_media":0,"parent":0,"menu_order":0,"comment_status":"closed","ping_status":"closed","template":"","meta":{"footnotes":""},"class_list":["post-526","page","type-page","status-publish","hentry"],"_links":{"self":[{"href":"https:\/\/www.dr-lessing.de\/fr\/wp-json\/wp\/v2\/pages\/526","targetHints":{"allow":["GET"]}}],"collection":[{"href":"https:\/\/www.dr-lessing.de\/fr\/wp-json\/wp\/v2\/pages"}],"about":[{"href":"https:\/\/www.dr-lessing.de\/fr\/wp-json\/wp\/v2\/types\/page"}],"author":[{"embeddable":true,"href":"https:\/\/www.dr-lessing.de\/fr\/wp-json\/wp\/v2\/users\/1"}],"replies":[{"embeddable":true,"href":"https:\/\/www.dr-lessing.de\/fr\/wp-json\/wp\/v2\/comments?post=526"}],"version-history":[{"count":1,"href":"https:\/\/www.dr-lessing.de\/fr\/wp-json\/wp\/v2\/pages\/526\/revisions"}],"predecessor-version":[{"id":746,"href":"https:\/\/www.dr-lessing.de\/fr\/wp-json\/wp\/v2\/pages\/526\/revisions\/746"}],"wp:attachment":[{"href":"https:\/\/www.dr-lessing.de\/fr\/wp-json\/wp\/v2\/media?parent=526"}],"curies":[{"name":"wp","href":"https:\/\/api.w.org\/{rel}","templated":true}]}}