{"id":522,"date":"2021-11-15T20:14:45","date_gmt":"2021-11-15T19:14:45","guid":{"rendered":"http:\/\/www.web228.lx16.ihr-host.de\/?page_id=522"},"modified":"2021-11-15T20:14:46","modified_gmt":"2021-11-15T19:14:46","slug":"problemes-gingivaux-destin","status":"publish","type":"page","link":"https:\/\/www.dr-lessing.de\/fr\/problemes-gingivaux-destin\/","title":{"rendered":"Probl\u00e8mes gingivaux- destin?"},"content":{"rendered":"<p><img loading=\"lazy\" decoding=\"async\" class=\"alignleft wp-image-185\" src=\"https:\/\/www.dr-lessing.de\/wp-content\/uploads\/2021\/11\/zahnfleisch-probleme.jpg\" alt=\"Zahnarzt Freiburg schoene Zahnfleisch Probleme Dr. Lessing\" width=\"300\" height=\"200\" \/><\/p>\n<p>Un fardeau de la maladie parodontale non trait\u00e9e dans tout le corps. Les bact\u00e9ries pathog\u00e8nes et leurs toxines nuire \u00e0 la circulation sanguine des organes vitaux comme le c\u0153ur le cerveau.<\/p>\n<p>La <strong>parodontite<\/strong> est une donn\u00e9e, mais le r\u00e9sultat de la plaque la souche. Et elle est permanente traitable.<\/p>\n<p>Indispensable une formation en amont, dans<strong> la pratique d&rsquo;hygi\u00e8ne buccale<\/strong> (<strong>pr\u00e9vention<\/strong>) est. Pour d\u00e9montrer \u00e0 la pratique pour la maison, il ya une salle avec une prophylaxie prophylaxie petite boutique.<\/p>\n<p><img loading=\"lazy\" decoding=\"async\" class=\"alignleft size-full wp-image-518\" src=\"https:\/\/www.dr-lessing.de\/wp-content\/uploads\/2021\/11\/einheit_gelb-200x300-1.jpg\" alt=\"\" width=\"200\" height=\"300\" \/><\/p>\n<p>L&rsquo;inflammation alors en vigueur est trait\u00e9e par la racine syst\u00e9matique de rabotage en utilisant des instruments \u00e0 main et les deux lasers. Incriminantes <strong>chirurgie gingivale<\/strong> n&rsquo;est g\u00e9n\u00e9ralement pas n\u00e9cessaire. Dispositifs de traitement compl\u00e9mentaires sont l&rsquo;\u00e9limination des faux contacts, contention de dents et de la pharmacoth\u00e9rapie.<\/p>\n<p>Apr\u00e8s ach\u00e8vement du traitement, le r\u00e9sultat est assur\u00e9e par des contr\u00f4les r\u00e9guliers avec le nettoyage professionnel des soins dentaires.<\/p>\n","protected":false},"excerpt":{"rendered":"<p>Un fardeau de la maladie parodontale non trait\u00e9e dans tout le corps. Les bact\u00e9ries pathog\u00e8nes et leurs toxines nuire \u00e0 la circulation sanguine des organes vitaux comme le c\u0153ur le cerveau. La parodontite est une donn\u00e9e, mais le r\u00e9sultat de la plaque la souche. Et elle est permanente traitable. Indispensable une formation en amont, dans &hellip; <\/p>\n<p class=\"link-more\"><a href=\"https:\/\/www.dr-lessing.de\/fr\/problemes-gingivaux-destin\/\" class=\"more-link\">Continuer la lecture<span class=\"screen-reader-text\"> de &laquo;&nbsp;Probl\u00e8mes gingivaux- destin?&nbsp;&raquo;<\/span><\/a><\/p>\n","protected":false},"author":1,"featured_media":0,"parent":0,"menu_order":0,"comment_status":"closed","ping_status":"closed","template":"","meta":{"footnotes":""},"class_list":["post-522","page","type-page","status-publish","hentry"],"_links":{"self":[{"href":"https:\/\/www.dr-lessing.de\/fr\/wp-json\/wp\/v2\/pages\/522","targetHints":{"allow":["GET"]}}],"collection":[{"href":"https:\/\/www.dr-lessing.de\/fr\/wp-json\/wp\/v2\/pages"}],"about":[{"href":"https:\/\/www.dr-lessing.de\/fr\/wp-json\/wp\/v2\/types\/page"}],"author":[{"embeddable":true,"href":"https:\/\/www.dr-lessing.de\/fr\/wp-json\/wp\/v2\/users\/1"}],"replies":[{"embeddable":true,"href":"https:\/\/www.dr-lessing.de\/fr\/wp-json\/wp\/v2\/comments?post=522"}],"version-history":[{"count":0,"href":"https:\/\/www.dr-lessing.de\/fr\/wp-json\/wp\/v2\/pages\/522\/revisions"}],"wp:attachment":[{"href":"https:\/\/www.dr-lessing.de\/fr\/wp-json\/wp\/v2\/media?parent=522"}],"curies":[{"name":"wp","href":"https:\/\/api.w.org\/{rel}","templated":true}]}}