{"id":515,"date":"2021-11-15T20:09:02","date_gmt":"2021-11-15T19:09:02","guid":{"rendered":"http:\/\/www.web228.lx16.ihr-host.de\/?page_id=515"},"modified":"2023-01-25T12:35:54","modified_gmt":"2023-01-25T11:35:54","slug":"dentiste-freiburg-dr-lessing","status":"publish","type":"page","link":"https:\/\/www.dr-lessing.de\/fr\/dentiste-freiburg-dr-lessing\/","title":{"rendered":"Dentiste et team"},"content":{"rendered":"<h3><img loading=\"lazy\" decoding=\"async\" class=\"alignright wp-image-898 size-full\" src=\"https:\/\/www.dr-lessing.de\/wp-content\/uploads\/2021\/11\/portrait-zahnarzt-dr-lessing.jpg\" alt=\"\" width=\"300\" height=\"450\" \/>Dans notre pratique, vous \u00eates trait\u00e9 par:<\/h3>\n<p><strong>Dr. med. dent. Rolf Lessing<\/strong><\/p>\n<ul>\n<li>N\u00e9 en 1964<\/li>\n<li>Grandi \u00e0 Freiburg<\/li>\n<li>Les \u00e9tudes, les examens et un cours suppl\u00e9mentaire de 4 ans sur la chirurgie orale \u00e0 la Albert-Ludwigs-Universit\u00e4t Freiburg<\/li>\n<li>Dentiste dans un cabinet dentaire priv\u00e9 \u00e0 \u00dcberlingen<\/li>\n<li>Partenariat dans un cabinet dentaire avec Zahnarzt Dr. Euchenhofer \u00e0 Fribourg: Acquisition de la pratique apr\u00e8s sa retraite en 1997<\/li>\n<li>Langues \u00e9trang\u00e8res: anglais couramment und fran\u00e7ais, latin<\/li>\n<\/ul>\n<p><strong>Qualifications professionelles:<\/strong><\/p>\n<ul>\n<li>Th\u00e8se de doctorat avec un travail exp\u00e9rimental sur le traitement des fractures du visage<\/li>\n<li>Examen de l&rsquo;art dentaire sp\u00e9cialiste \u00e0 la Landeszahn\u00e4rztekammer \u00e0 Stuttgart: Approbation: m\u00e9decin sp\u00e9cialiste de chirurgie buccale<\/li>\n<li>Praticien principal de la consultation articulation temporo-mandibulaire dans le d\u00e9partement de chirurgie \u00e0 la clinique dentaire de Fribourg<\/li>\n<li>Qualifi\u00e9 pour l`Elektroacupuncture (www.imgeav.org)<\/li>\n<li>Qualifi\u00e9 pour l&rsquo;hom\u00e9opathie dentaire<\/li>\n<li>Curriculum orthodontique au Dr. Sander Ulm \/ Universit\u00e4t &#8211; www.collegium-frankfurt.de<\/li>\n<li>Principaux domaines de la chirurgie dentaire, approuv\u00e9 par le Zahn\u00e4rztekammer: implantologie, dentisterie au laser<\/li>\n<li>D&rsquo;autres priorit\u00e9s de formations: en particulier la dentisterie biologique, diagnostic naturopathique und traitement holistique<\/li>\n<\/ul>\n<p><strong>Adh\u00e9sions professionels:<\/strong><\/p>\n<ul>\n<li>Deutsche Gesellschaft f\u00fcr Parodontologie &#8211; <a title=\"www.dgparo.de\" href=\"http:\/\/www.dgparo.de\" target=\"_blank\" rel=\"noopener\">www.dgparo.de<\/a><\/li>\n<li>Deutsche Gesellschaft f\u00fcr Zahn\u00e4rztliche Implantologie &#8211; <a title=\"www.dgzi.de\" href=\"http:\/\/www.dgzi.de\" target=\"_blank\" rel=\"noopener\">www.dgzi.de<\/a><\/li>\n<li>Studiengruppe Freiburger Forum f\u00fcr Implantologie &#8211; <a title=\"www.kosmedics.de\" href=\"http:\/\/www.kosmedics.de\" target=\"_blank\" rel=\"noopener\">www.kosmedics.de<\/a><\/li>\n<\/ul>\n","protected":false},"excerpt":{"rendered":"<p>Dans notre pratique, vous \u00eates trait\u00e9 par: Dr. med. dent. Rolf Lessing N\u00e9 en 1964 Grandi \u00e0 Freiburg Les \u00e9tudes, les examens et un cours suppl\u00e9mentaire de 4 ans sur la chirurgie orale \u00e0 la Albert-Ludwigs-Universit\u00e4t Freiburg Dentiste dans un cabinet dentaire priv\u00e9 \u00e0 \u00dcberlingen Partenariat dans un cabinet dentaire avec Zahnarzt Dr. Euchenhofer \u00e0 &hellip; <\/p>\n<p class=\"link-more\"><a href=\"https:\/\/www.dr-lessing.de\/fr\/dentiste-freiburg-dr-lessing\/\" class=\"more-link\">Continuer la lecture<span class=\"screen-reader-text\"> de &laquo;&nbsp;Dentiste et team&nbsp;&raquo;<\/span><\/a><\/p>\n","protected":false},"author":1,"featured_media":0,"parent":0,"menu_order":0,"comment_status":"closed","ping_status":"closed","template":"","meta":{"footnotes":""},"class_list":["post-515","page","type-page","status-publish","hentry"],"_links":{"self":[{"href":"https:\/\/www.dr-lessing.de\/fr\/wp-json\/wp\/v2\/pages\/515","targetHints":{"allow":["GET"]}}],"collection":[{"href":"https:\/\/www.dr-lessing.de\/fr\/wp-json\/wp\/v2\/pages"}],"about":[{"href":"https:\/\/www.dr-lessing.de\/fr\/wp-json\/wp\/v2\/types\/page"}],"author":[{"embeddable":true,"href":"https:\/\/www.dr-lessing.de\/fr\/wp-json\/wp\/v2\/users\/1"}],"replies":[{"embeddable":true,"href":"https:\/\/www.dr-lessing.de\/fr\/wp-json\/wp\/v2\/comments?post=515"}],"version-history":[{"count":3,"href":"https:\/\/www.dr-lessing.de\/fr\/wp-json\/wp\/v2\/pages\/515\/revisions"}],"predecessor-version":[{"id":757,"href":"https:\/\/www.dr-lessing.de\/fr\/wp-json\/wp\/v2\/pages\/515\/revisions\/757"}],"wp:attachment":[{"href":"https:\/\/www.dr-lessing.de\/fr\/wp-json\/wp\/v2\/media?parent=515"}],"curies":[{"name":"wp","href":"https:\/\/api.w.org\/{rel}","templated":true}]}}