{"id":511,"date":"2021-11-15T20:03:37","date_gmt":"2021-11-15T19:03:37","guid":{"rendered":"http:\/\/www.web228.lx16.ihr-host.de\/?page_id=511"},"modified":"2021-11-15T20:03:38","modified_gmt":"2021-11-15T19:03:38","slug":"pourquoi-homeopathie","status":"publish","type":"page","link":"https:\/\/www.dr-lessing.de\/fr\/pourquoi-homeopathie\/","title":{"rendered":"Pourquoi Homeopathie?"},"content":{"rendered":"<p><img loading=\"lazy\" decoding=\"async\" class=\"alignleft wp-image-180\" src=\"https:\/\/www.dr-lessing.de\/wp-content\/uploads\/2021\/11\/homoeopathie-zahnmedizin.jpg\" alt=\"Zahnarzt Freiburg Homoeopathie Zahnmeidzin Dr. Lessing\" width=\"300\" height=\"207\" \/><\/p>\n<p>Ne l&rsquo;hom\u00e9opathie vraiment comme un placebo? <strong>Succ\u00e8s de gu\u00e9rison<\/strong>, mais \u00e9galement signal\u00e9 en <strong>m\u00e9decine v\u00e9t\u00e9rinaire<\/strong>, o\u00f9 l&rsquo;on peut exclure un effet placebo. Tout comme l&rsquo;acupuncture et la r\u00e9ussite du traitement \u00e0 base de plantes en m\u00e9decine est moins pr\u00e9visible que des traitements m\u00e9dicaux classiques.<\/p>\n<p>M. Lessing en tant que membre de longue date dans un groupe de travail m\u00e9decins hom\u00e9opathes a une profonde exp\u00e9rience de la d\u00e9termination rem\u00e8de hom\u00e9opathique.<\/p>\n<p>Il n&rsquo;y a pas l&rsquo;hom\u00e9opathie dentaire. Un certain nombre de m\u00e9dicaments puisse \u00eatre utilis\u00e9 pour arr\u00eater les saignements, mais nous empreintes avant, pour acc\u00e9l\u00e9rer la gu\u00e9rison apr\u00e8s une chirurgie, traitement de la douleur, r\u00e9duction de l&rsquo;anxi\u00e9t\u00e9 dans les troubles de l&rsquo;humeur et une foule d&rsquo;autres plaintes.<\/p>\n<p>Nous s&rsquo;appliquent principalement aux agents unique, se sont \u00e9galement av\u00e9r\u00e9s \u00eatre des agents tels que les <strong>Fleurs de Bach<\/strong>.<\/p>\n","protected":false},"excerpt":{"rendered":"<p>Ne l&rsquo;hom\u00e9opathie vraiment comme un placebo? Succ\u00e8s de gu\u00e9rison, mais \u00e9galement signal\u00e9 en m\u00e9decine v\u00e9t\u00e9rinaire, o\u00f9 l&rsquo;on peut exclure un effet placebo. Tout comme l&rsquo;acupuncture et la r\u00e9ussite du traitement \u00e0 base de plantes en m\u00e9decine est moins pr\u00e9visible que des traitements m\u00e9dicaux classiques. M. Lessing en tant que membre de longue date dans un &hellip; <\/p>\n<p class=\"link-more\"><a href=\"https:\/\/www.dr-lessing.de\/fr\/pourquoi-homeopathie\/\" class=\"more-link\">Continuer la lecture<span class=\"screen-reader-text\"> de &laquo;&nbsp;Pourquoi Homeopathie?&nbsp;&raquo;<\/span><\/a><\/p>\n","protected":false},"author":1,"featured_media":0,"parent":0,"menu_order":0,"comment_status":"closed","ping_status":"closed","template":"","meta":{"footnotes":""},"class_list":["post-511","page","type-page","status-publish","hentry"],"_links":{"self":[{"href":"https:\/\/www.dr-lessing.de\/fr\/wp-json\/wp\/v2\/pages\/511","targetHints":{"allow":["GET"]}}],"collection":[{"href":"https:\/\/www.dr-lessing.de\/fr\/wp-json\/wp\/v2\/pages"}],"about":[{"href":"https:\/\/www.dr-lessing.de\/fr\/wp-json\/wp\/v2\/types\/page"}],"author":[{"embeddable":true,"href":"https:\/\/www.dr-lessing.de\/fr\/wp-json\/wp\/v2\/users\/1"}],"replies":[{"embeddable":true,"href":"https:\/\/www.dr-lessing.de\/fr\/wp-json\/wp\/v2\/comments?post=511"}],"version-history":[{"count":0,"href":"https:\/\/www.dr-lessing.de\/fr\/wp-json\/wp\/v2\/pages\/511\/revisions"}],"wp:attachment":[{"href":"https:\/\/www.dr-lessing.de\/fr\/wp-json\/wp\/v2\/media?parent=511"}],"curies":[{"name":"wp","href":"https:\/\/api.w.org\/{rel}","templated":true}]}}