{"id":507,"date":"2021-11-15T20:01:21","date_gmt":"2021-11-15T19:01:21","guid":{"rendered":"http:\/\/www.web228.lx16.ihr-host.de\/?page_id=507"},"modified":"2021-11-15T20:01:22","modified_gmt":"2021-11-15T19:01:22","slug":"dent-de-sagesse-et-dautres-choses","status":"publish","type":"page","link":"https:\/\/www.dr-lessing.de\/fr\/dent-de-sagesse-et-dautres-choses\/","title":{"rendered":"Dent de sagesse et d`autres choses"},"content":{"rendered":"<p><img loading=\"lazy\" decoding=\"async\" class=\"alignleft wp-image-177\" src=\"https:\/\/www.dr-lessing.de\/wp-content\/uploads\/2021\/11\/weisheitszahn.jpg\" alt=\"\" width=\"300\" height=\"199\" \/><\/p>\n<p>&#8230; chirurgie ambulatoire et l&rsquo;implantologie orale dans notre clinique dentaire professionnelle fonctionne pour la chirurgie orale de routine.<\/p>\n<hr \/>\n<p>Tout d&rsquo;autres techniques sp\u00e9ciales:<\/p>\n<ul class=\"pfeilliste\">\n<li>\u00c9lev\u00e9 avant de passer <strong>l&rsquo;implant<\/strong> dans le maxillaire lat\u00e9rale (sinus lift)<\/li>\n<li><strong>Les greffes osseuses<\/strong> en <strong>parodontie<\/strong> et <strong>implantologie<\/strong> utilisant des membranes<\/li>\n<li>Les techniques chirurgicales pour le volume de plus en plus <strong>l&rsquo;absence de la gomme<\/strong><\/li>\n<li><strong>Allongement de la couronne de dents<\/strong> sans chirurgie au laser<\/li>\n<li><strong>Divers corrections gencives avec le laser<\/strong>, presque sans cicatrice<\/li>\n<li>Profitez de l&rsquo;effet biodynamique du <strong>laser<\/strong> pour une <strong>meilleure cicatrisation<\/strong><\/li>\n<\/ul>\n<p>Extrait des \u00e9chantillons de tissus, nous pouvons \u00e9tudier dans un laboratoire de pathologie sp\u00e9ciale pour leur s\u00e9curit\u00e9.<\/p>\n","protected":false},"excerpt":{"rendered":"<p>&#8230; chirurgie ambulatoire et l&rsquo;implantologie orale dans notre clinique dentaire professionnelle fonctionne pour la chirurgie orale de routine. Tout d&rsquo;autres techniques sp\u00e9ciales: \u00c9lev\u00e9 avant de passer l&rsquo;implant dans le maxillaire lat\u00e9rale (sinus lift) Les greffes osseuses en parodontie et implantologie utilisant des membranes Les techniques chirurgicales pour le volume de plus en plus l&rsquo;absence de &hellip; <\/p>\n<p class=\"link-more\"><a href=\"https:\/\/www.dr-lessing.de\/fr\/dent-de-sagesse-et-dautres-choses\/\" class=\"more-link\">Continuer la lecture<span class=\"screen-reader-text\"> de &laquo;&nbsp;Dent de sagesse et d`autres choses&nbsp;&raquo;<\/span><\/a><\/p>\n","protected":false},"author":1,"featured_media":0,"parent":0,"menu_order":0,"comment_status":"closed","ping_status":"closed","template":"","meta":{"footnotes":""},"class_list":["post-507","page","type-page","status-publish","hentry"],"_links":{"self":[{"href":"https:\/\/www.dr-lessing.de\/fr\/wp-json\/wp\/v2\/pages\/507","targetHints":{"allow":["GET"]}}],"collection":[{"href":"https:\/\/www.dr-lessing.de\/fr\/wp-json\/wp\/v2\/pages"}],"about":[{"href":"https:\/\/www.dr-lessing.de\/fr\/wp-json\/wp\/v2\/types\/page"}],"author":[{"embeddable":true,"href":"https:\/\/www.dr-lessing.de\/fr\/wp-json\/wp\/v2\/users\/1"}],"replies":[{"embeddable":true,"href":"https:\/\/www.dr-lessing.de\/fr\/wp-json\/wp\/v2\/comments?post=507"}],"version-history":[{"count":0,"href":"https:\/\/www.dr-lessing.de\/fr\/wp-json\/wp\/v2\/pages\/507\/revisions"}],"wp:attachment":[{"href":"https:\/\/www.dr-lessing.de\/fr\/wp-json\/wp\/v2\/media?parent=507"}],"curies":[{"name":"wp","href":"https:\/\/api.w.org\/{rel}","templated":true}]}}