{"id":497,"date":"2021-11-15T19:54:29","date_gmt":"2021-11-15T18:54:29","guid":{"rendered":"http:\/\/www.web228.lx16.ihr-host.de\/?page_id=497"},"modified":"2023-01-25T12:32:13","modified_gmt":"2023-01-25T11:32:13","slug":"team-dentiste-freiburg","status":"publish","type":"page","link":"https:\/\/www.dr-lessing.de\/fr\/team-dentiste-freiburg\/","title":{"rendered":"Team"},"content":{"rendered":"<h2>Team<\/h2>\n<p><strong><img loading=\"lazy\" decoding=\"async\" class=\"alignleft size-full wp-image-164\" src=\"https:\/\/www.dr-lessing.de\/wp-content\/uploads\/2021\/11\/portrait-uta-gleichauf.jpg\" alt=\"\" width=\"200\" height=\"300\" \/>U<\/strong><strong>ta Gleichauf<br \/>\n<\/strong>Assistante dentaire qualifi\u00e9e<br \/>\nDans notre cabinet dentaire: depuis 1995.<\/p>\n<p><strong>T\u00e2che dans le cabinet dentaire:<br \/>\n<\/strong>Assurer la qualit\u00e9 de l&rsquo;hygi\u00e8ne, le nettoyage professionnel des dents, blanchissement dentaire, la fabrication d&rsquo;impressions et de restaurations provisoirements, assistante dents.<\/p>\n<hr \/>\n<p><strong><img loading=\"lazy\" decoding=\"async\" class=\"alignleft size-full wp-image-167\" src=\"https:\/\/www.dr-lessing.de\/wp-content\/uploads\/2021\/11\/portrait-neu.jpg\" alt=\"\" width=\"200\" height=\"300\" \/>Albina Balaj<br \/>\n<\/strong>Assistante dentaire qualifi\u00e9e<br \/>\nDans notre cabinet dentaire: depuis 2011.<\/p>\n<p><strong>T\u00e2che dans le cabinet dentaire:<\/strong><br \/>\nAssistante dents.<\/p>\n<hr \/>\n<p><strong><img loading=\"lazy\" decoding=\"async\" class=\"alignleft size-full wp-image-168\" src=\"https:\/\/www.dr-lessing.de\/wp-content\/uploads\/2021\/11\/portrait-natia-janjalashvili.jpg\" alt=\"\" width=\"200\" height=\"300\" \/>Natia Janjalashvili<br \/>\n<\/strong>Assistante dentaire qualifi\u00e9e<br \/>\nDans notre cabinet dentaire: depuis 2012.<\/p>\n<p><strong>T\u00e2che dans le cabinet dentaire:<\/strong><br \/>\nAssurer la qualit\u00e9 de la radiographie, le nettoyage professionnel des dents,\u00a0 assistante dents et chirurgie.<\/p>\n<hr \/>\n<p><strong><img loading=\"lazy\" decoding=\"async\" class=\"alignleft size-full wp-image-166\" src=\"https:\/\/www.dr-lessing.de\/wp-content\/uploads\/2021\/11\/portrait-dalila-ferhatovic.jpg\" alt=\"\" width=\"200\" height=\"300\" \/>Dalila Ferhatovic<br \/>\n<\/strong>Assistante dentaire qualifi\u00e9e.<br \/>\nDans notre cabinet dentaire: depuis 2016.<\/p>\n<p><strong>T\u00e2che dans le cabinet dentaire:<\/strong><br \/>\nLe nettoyage professionnel des dents, assistante dents et chirurgie, commande de mat\u00e9riel, rendez-vous.<\/p>\n<hr \/>\n<p><strong><img loading=\"lazy\" decoding=\"async\" class=\"alignleft size-full wp-image-170\" src=\"https:\/\/www.dr-lessing.de\/wp-content\/uploads\/2021\/11\/portrait-claudia-lessing.jpg\" alt=\"\" width=\"200\" height=\"300\" \/>Claudia Lessing<br \/>\n<\/strong>Economist qualifi\u00e9e<\/p>\n<p><strong>T\u00e2che dans le cabinet dentaire:<\/strong><br \/>\nSyst\u00e8me de contr\u00f4le, la finance et l&rsquo;organisation du bureau.<\/p>\n<hr \/>\n<p><strong><img loading=\"lazy\" decoding=\"async\" class=\"alignleft size-full wp-image-170\" src=\"https:\/\/www.dr-lessing.de\/wp-content\/uploads\/2021\/11\/portrait-anita-kessmann.jpg\" alt=\"\" width=\"200\" height=\"300\" \/>Anita Kessmann<br \/>\n<\/strong>Assistante dentaire qualifi\u00e9e<br \/>\nDans notre cabinet dentaire: depuis 2021.<\/p>\n<p><strong>T\u00e2che dans le cabinet dentaire:<\/strong><br \/>\nAssistante dents.<\/p>\n","protected":false},"excerpt":{"rendered":"<p>Team Uta Gleichauf Assistante dentaire qualifi\u00e9e Dans notre cabinet dentaire: depuis 1995. T\u00e2che dans le cabinet dentaire: Assurer la qualit\u00e9 de l&rsquo;hygi\u00e8ne, le nettoyage professionnel des dents, blanchissement dentaire, la fabrication d&rsquo;impressions et de restaurations provisoirements, assistante dents. Albina Balaj Assistante dentaire qualifi\u00e9e Dans notre cabinet dentaire: depuis 2011. T\u00e2che dans le cabinet dentaire: Assistante &hellip; <\/p>\n<p class=\"link-more\"><a href=\"https:\/\/www.dr-lessing.de\/fr\/team-dentiste-freiburg\/\" class=\"more-link\">Continuer la lecture<span class=\"screen-reader-text\"> de &laquo;&nbsp;Team&nbsp;&raquo;<\/span><\/a><\/p>\n","protected":false},"author":1,"featured_media":0,"parent":0,"menu_order":0,"comment_status":"closed","ping_status":"closed","template":"","meta":{"footnotes":""},"class_list":["post-497","page","type-page","status-publish","hentry"],"_links":{"self":[{"href":"https:\/\/www.dr-lessing.de\/fr\/wp-json\/wp\/v2\/pages\/497","targetHints":{"allow":["GET"]}}],"collection":[{"href":"https:\/\/www.dr-lessing.de\/fr\/wp-json\/wp\/v2\/pages"}],"about":[{"href":"https:\/\/www.dr-lessing.de\/fr\/wp-json\/wp\/v2\/types\/page"}],"author":[{"embeddable":true,"href":"https:\/\/www.dr-lessing.de\/fr\/wp-json\/wp\/v2\/users\/1"}],"replies":[{"embeddable":true,"href":"https:\/\/www.dr-lessing.de\/fr\/wp-json\/wp\/v2\/comments?post=497"}],"version-history":[{"count":6,"href":"https:\/\/www.dr-lessing.de\/fr\/wp-json\/wp\/v2\/pages\/497\/revisions"}],"predecessor-version":[{"id":752,"href":"https:\/\/www.dr-lessing.de\/fr\/wp-json\/wp\/v2\/pages\/497\/revisions\/752"}],"wp:attachment":[{"href":"https:\/\/www.dr-lessing.de\/fr\/wp-json\/wp\/v2\/media?parent=497"}],"curies":[{"name":"wp","href":"https:\/\/api.w.org\/{rel}","templated":true}]}}