{"id":488,"date":"2021-11-15T19:44:22","date_gmt":"2021-11-15T18:44:22","guid":{"rendered":"http:\/\/www.web228.lx16.ihr-host.de\/?page_id=488"},"modified":"2021-11-15T19:44:23","modified_gmt":"2021-11-15T18:44:23","slug":"fantome-carie-dentaire","status":"publish","type":"page","link":"https:\/\/www.dr-lessing.de\/fr\/fantome-carie-dentaire\/","title":{"rendered":"Fant\u00f4me carie dentaire"},"content":{"rendered":"<p><img loading=\"lazy\" decoding=\"async\" class=\"alignleft wp-image-157\" src=\"https:\/\/www.dr-lessing.de\/wp-content\/uploads\/2021\/11\/zahnkaries.jpg\" alt=\"Zahnarzt Freiburg Karies Zahnschmerzen Dr. Lessing\" width=\"300\" height=\"300\" \/><\/p>\n<p>Vous n&rsquo;avez pas remarqu\u00e9, mais \u00e0 l&rsquo;inspection le dentisted d\u00e9termine un ou plusieurs cari\u00e9es. En fait, on est suspect, c&rsquo;est \u00e7a, aussi?<\/p>\n<p>de fa\u00e7on inattendue.<\/p>\n<p>Nous montrons nos patients avec la <strong>cam\u00e9ra intra-orale<\/strong> sur un \u00e9cran g\u00e9ant \u00e0 augmenter le probl\u00e8me.<\/p>\n<hr \/>\n<p>Les caries sont des bact\u00e9ries survivantes, pas r\u00e9pliquer totalement \u00e9limin\u00e9, ils continuent d&rsquo;\u00e9paisseur sous les obturations.<\/p>\n<p>L&rsquo;une des principales raisons de la r\u00e9surgence de nouvelles caries dans la vieille est justifi\u00e9 ici.<\/p>\n<p><strong>L&rsquo;art soins dentaires<\/strong> est de supprimer compl\u00e8tement <strong>la carie dentaire<\/strong>. Pour nous, c&rsquo;est <strong>le d\u00e9tecteur de caries<\/strong> une aide indispensable pour visualiser les bact\u00e9ries. La d\u00e9croissance n&rsquo;est pas supprim\u00e9 lorsque les zones color\u00e9es sont visibles.<\/p>\n<p>Taches sombres sous les obturations d&rsquo;amalgame sont \u00e9galement des colonies de bact\u00e9ries, les toxines d\u00e9vers\u00e9es dans la masse et doit \u00eatre port\u00e9 de mani\u00e8re coh\u00e9rente.<\/p>\n","protected":false},"excerpt":{"rendered":"<p>Vous n&rsquo;avez pas remarqu\u00e9, mais \u00e0 l&rsquo;inspection le dentisted d\u00e9termine un ou plusieurs cari\u00e9es. En fait, on est suspect, c&rsquo;est \u00e7a, aussi? de fa\u00e7on inattendue. Nous montrons nos patients avec la cam\u00e9ra intra-orale sur un \u00e9cran g\u00e9ant \u00e0 augmenter le probl\u00e8me. Les caries sont des bact\u00e9ries survivantes, pas r\u00e9pliquer totalement \u00e9limin\u00e9, ils continuent d&rsquo;\u00e9paisseur sous &hellip; <\/p>\n<p class=\"link-more\"><a href=\"https:\/\/www.dr-lessing.de\/fr\/fantome-carie-dentaire\/\" class=\"more-link\">Continuer la lecture<span class=\"screen-reader-text\"> de &laquo;&nbsp;Fant\u00f4me carie dentaire&nbsp;&raquo;<\/span><\/a><\/p>\n","protected":false},"author":1,"featured_media":0,"parent":0,"menu_order":0,"comment_status":"closed","ping_status":"closed","template":"","meta":{"footnotes":""},"class_list":["post-488","page","type-page","status-publish","hentry"],"_links":{"self":[{"href":"https:\/\/www.dr-lessing.de\/fr\/wp-json\/wp\/v2\/pages\/488","targetHints":{"allow":["GET"]}}],"collection":[{"href":"https:\/\/www.dr-lessing.de\/fr\/wp-json\/wp\/v2\/pages"}],"about":[{"href":"https:\/\/www.dr-lessing.de\/fr\/wp-json\/wp\/v2\/types\/page"}],"author":[{"embeddable":true,"href":"https:\/\/www.dr-lessing.de\/fr\/wp-json\/wp\/v2\/users\/1"}],"replies":[{"embeddable":true,"href":"https:\/\/www.dr-lessing.de\/fr\/wp-json\/wp\/v2\/comments?post=488"}],"version-history":[{"count":0,"href":"https:\/\/www.dr-lessing.de\/fr\/wp-json\/wp\/v2\/pages\/488\/revisions"}],"wp:attachment":[{"href":"https:\/\/www.dr-lessing.de\/fr\/wp-json\/wp\/v2\/media?parent=488"}],"curies":[{"name":"wp","href":"https:\/\/api.w.org\/{rel}","templated":true}]}}