{"id":484,"date":"2021-11-15T19:41:20","date_gmt":"2021-11-15T18:41:20","guid":{"rendered":"http:\/\/www.web228.lx16.ihr-host.de\/?page_id=484"},"modified":"2021-11-15T19:41:21","modified_gmt":"2021-11-15T18:41:21","slug":"therapie-canal-moderne-dernier-recours-pour-la-dent","status":"publish","type":"page","link":"https:\/\/www.dr-lessing.de\/fr\/therapie-canal-moderne-dernier-recours-pour-la-dent\/","title":{"rendered":"Th\u00e9rapie canal moderne &#8211; dernier recours pour la dent?"},"content":{"rendered":"<p><img loading=\"lazy\" decoding=\"async\" class=\"alignleft wp-image-154\" src=\"https:\/\/www.dr-lessing.de\/wp-content\/uploads\/2021\/11\/wurzelbehandlung.jpg\" alt=\"Zahnarzt Freiburg Wurzelbehandlung Dr. Lessing\" width=\"300\" height=\"300\" \/><\/p>\n<p>Une dent morts doivent \u00eatre trait\u00e9s \u00e0 la racine, ou il a d\u00e9velopp\u00e9 des <strong>effets ind\u00e9sirables \u00e0 long terme sur tout le corps<\/strong> (l&rsquo;accent dent ou focus).<\/p>\n<p>Nous pr\u00e9parons tous les canaux avec les fichiers main r\u00e9sistant \u00e0 la rupture, non pas avec les syst\u00e8mes m\u00e9caniques. Nous dispenser de proc\u00e9dures de d\u00e9sinfection unbiological et atteindre l&rsquo;hygi\u00e8ne avec le laser Nd-YAG (www.dekalaser.de) le <strong>(root thermoplastique remplissage<\/strong> apr\u00e8s <strong>Prof. Schilder<\/strong>, Boston) <strong>3-D de pressage \u00e0 chaud de remplissage<\/strong>, la meilleure technologie actuelle.<\/p>\n<p>Prouv\u00e9es les nouveaux mat\u00e9riaux permettent la r\u00e9habilitation souvent para\u00eetre les dents sans espoir. Chez les personnes gravement malades, en particulier patients atteints de cancer, chez les personnes tr\u00e8s \u00e2g\u00e9es et les pauvres des traitements de pr\u00e9vention de pr\u00e9paration des racines, cependant, doit \u00eatre \u00e9vit\u00e9e.<\/p>\n","protected":false},"excerpt":{"rendered":"<p>Une dent morts doivent \u00eatre trait\u00e9s \u00e0 la racine, ou il a d\u00e9velopp\u00e9 des effets ind\u00e9sirables \u00e0 long terme sur tout le corps (l&rsquo;accent dent ou focus). Nous pr\u00e9parons tous les canaux avec les fichiers main r\u00e9sistant \u00e0 la rupture, non pas avec les syst\u00e8mes m\u00e9caniques. Nous dispenser de proc\u00e9dures de d\u00e9sinfection unbiological et atteindre &hellip; <\/p>\n<p class=\"link-more\"><a href=\"https:\/\/www.dr-lessing.de\/fr\/therapie-canal-moderne-dernier-recours-pour-la-dent\/\" class=\"more-link\">Continuer la lecture<span class=\"screen-reader-text\"> de &laquo;&nbsp;Th\u00e9rapie canal moderne &#8211; dernier recours pour la dent?&nbsp;&raquo;<\/span><\/a><\/p>\n","protected":false},"author":1,"featured_media":0,"parent":0,"menu_order":0,"comment_status":"closed","ping_status":"closed","template":"","meta":{"footnotes":""},"class_list":["post-484","page","type-page","status-publish","hentry"],"_links":{"self":[{"href":"https:\/\/www.dr-lessing.de\/fr\/wp-json\/wp\/v2\/pages\/484","targetHints":{"allow":["GET"]}}],"collection":[{"href":"https:\/\/www.dr-lessing.de\/fr\/wp-json\/wp\/v2\/pages"}],"about":[{"href":"https:\/\/www.dr-lessing.de\/fr\/wp-json\/wp\/v2\/types\/page"}],"author":[{"embeddable":true,"href":"https:\/\/www.dr-lessing.de\/fr\/wp-json\/wp\/v2\/users\/1"}],"replies":[{"embeddable":true,"href":"https:\/\/www.dr-lessing.de\/fr\/wp-json\/wp\/v2\/comments?post=484"}],"version-history":[{"count":0,"href":"https:\/\/www.dr-lessing.de\/fr\/wp-json\/wp\/v2\/pages\/484\/revisions"}],"wp:attachment":[{"href":"https:\/\/www.dr-lessing.de\/fr\/wp-json\/wp\/v2\/media?parent=484"}],"curies":[{"name":"wp","href":"https:\/\/api.w.org\/{rel}","templated":true}]}}