{"id":480,"date":"2021-11-15T19:38:56","date_gmt":"2021-11-15T18:38:56","guid":{"rendered":"http:\/\/www.web228.lx16.ihr-host.de\/?page_id=480"},"modified":"2021-11-15T19:38:57","modified_gmt":"2021-11-15T18:38:57","slug":"meme-lorthodontie","status":"publish","type":"page","link":"https:\/\/www.dr-lessing.de\/fr\/meme-lorthodontie\/","title":{"rendered":"M\u00eame l&rsquo;orthodontie"},"content":{"rendered":"<p><img loading=\"lazy\" decoding=\"async\" class=\"alignleft wp-image-151\" src=\"https:\/\/www.dr-lessing.de\/wp-content\/uploads\/2021\/11\/kieferorthopaedie.jpg\" alt=\"Zahnarzt Freiburg Kieferorthopaedie Dr. Lessing\" width=\"300\" height=\"199\" \/><\/p>\n<p>Beaucoup de parents nous ont approch\u00e9s pour communiquer avec le d\u00e9sir dedonner \u00e0 leurs enfants les soins n\u00e9cessaires orthodontiques.<\/p>\n<hr \/>\n<p>Notre gamme de traitement comprend:<\/p>\n<ul class=\"kfo\">\n<li><strong>Appareils dentaires amovibles<\/strong><\/li>\n<li><strong>Appareils fixes avec des crochets <\/strong>(\u00ab\u00a0cha\u00eenes \u00e0 neige\u00a0\u00bb)<\/li>\n<li><strong>Appareils orthodontiques invisibles<\/strong> en particulier pour les adultes<\/li>\n<li><strong>Appareils ronflements<\/strong><\/li>\n<\/ul>\n","protected":false},"excerpt":{"rendered":"<p>Beaucoup de parents nous ont approch\u00e9s pour communiquer avec le d\u00e9sir dedonner \u00e0 leurs enfants les soins n\u00e9cessaires orthodontiques. Notre gamme de traitement comprend: Appareils dentaires amovibles Appareils fixes avec des crochets (\u00ab\u00a0cha\u00eenes \u00e0 neige\u00a0\u00bb) Appareils orthodontiques invisibles en particulier pour les adultes Appareils ronflements<\/p>\n","protected":false},"author":1,"featured_media":0,"parent":0,"menu_order":0,"comment_status":"closed","ping_status":"closed","template":"","meta":{"footnotes":""},"class_list":["post-480","page","type-page","status-publish","hentry"],"_links":{"self":[{"href":"https:\/\/www.dr-lessing.de\/fr\/wp-json\/wp\/v2\/pages\/480","targetHints":{"allow":["GET"]}}],"collection":[{"href":"https:\/\/www.dr-lessing.de\/fr\/wp-json\/wp\/v2\/pages"}],"about":[{"href":"https:\/\/www.dr-lessing.de\/fr\/wp-json\/wp\/v2\/types\/page"}],"author":[{"embeddable":true,"href":"https:\/\/www.dr-lessing.de\/fr\/wp-json\/wp\/v2\/users\/1"}],"replies":[{"embeddable":true,"href":"https:\/\/www.dr-lessing.de\/fr\/wp-json\/wp\/v2\/comments?post=480"}],"version-history":[{"count":0,"href":"https:\/\/www.dr-lessing.de\/fr\/wp-json\/wp\/v2\/pages\/480\/revisions"}],"wp:attachment":[{"href":"https:\/\/www.dr-lessing.de\/fr\/wp-json\/wp\/v2\/media?parent=480"}],"curies":[{"name":"wp","href":"https:\/\/api.w.org\/{rel}","templated":true}]}}