{"id":476,"date":"2021-11-15T19:36:51","date_gmt":"2021-11-15T18:36:51","guid":{"rendered":"http:\/\/www.web228.lx16.ihr-host.de\/?page_id=476"},"modified":"2021-11-15T19:36:52","modified_gmt":"2021-11-15T18:36:52","slug":"fosse-toujours-implants","status":"publish","type":"page","link":"https:\/\/www.dr-lessing.de\/fr\/fosse-toujours-implants\/","title":{"rendered":"Foss\u00e9 &#8211; toujours implants?"},"content":{"rendered":"<p><img loading=\"lazy\" decoding=\"async\" class=\"alignleft wp-image-148\" src=\"https:\/\/www.dr-lessing.de\/wp-content\/uploads\/2021\/11\/zahnimplantate.jpg\" alt=\"Zahnarzt Freiburg Zahnimplantate Dr. Lessing\" width=\"300\" height=\"199\" \/><\/p>\n<p>Aller dents perdues, nous allons discuter avec le patient, <strong>les implants dentaires<\/strong> peuvent constituer une alternative int\u00e9ressante aux proth\u00e8ses conventionnelles.<\/p>\n<p>Pour les cas difficiles, nous sommes bien \u00e9quip\u00e9s pour venir \u00e0 notre pratique, sur les techniques de la <strong>m\u00e2choire fine<\/strong> <strong>\u00e9largissement de la m\u00e2choire<\/strong> (Bonesplitting par une <strong>membrane<\/strong> ou de surface), la densit\u00e9 osseuse (Bonecondensing) et le maxillaire sinus d\u00e9placement \u00e9lev\u00e9e (<strong>sinus lift<\/strong>) sont utilis\u00e9s.<\/p>\n<p>Par le m\u00e9tal titane implant peut \u00eatre d\u00e9clench\u00e9e inflammatoires Immunraktionen dans un sous-ensemble de patients. \u00c0 l&rsquo;heure actuelle, deux proc\u00e9dures d&rsquo;essai pour des \u00e9claircissements \u00e0 ce sujet sont disponibles (<a href=\"http:\/\/www.inflammatio.de\" target=\"_blank\" rel=\"noopener\">www.inflammatio.de<\/a>, <a href=\"http:\/\/www.zahnarzt-diagnostik.de\" target=\"_blank\" rel=\"noopener\">www.zahnarzt-diagnostik.de<\/a>). Un des syst\u00e8mes d&rsquo;implants de remplacement sont faits de <strong>c\u00e9ramique de zircone<\/strong>.<\/p>\n","protected":false},"excerpt":{"rendered":"<p>Aller dents perdues, nous allons discuter avec le patient, les implants dentaires peuvent constituer une alternative int\u00e9ressante aux proth\u00e8ses conventionnelles. Pour les cas difficiles, nous sommes bien \u00e9quip\u00e9s pour venir \u00e0 notre pratique, sur les techniques de la m\u00e2choire fine \u00e9largissement de la m\u00e2choire (Bonesplitting par une membrane ou de surface), la densit\u00e9 osseuse (Bonecondensing) &hellip; <\/p>\n<p class=\"link-more\"><a href=\"https:\/\/www.dr-lessing.de\/fr\/fosse-toujours-implants\/\" class=\"more-link\">Continuer la lecture<span class=\"screen-reader-text\"> de &laquo;&nbsp;Foss\u00e9 &#8211; toujours implants?&nbsp;&raquo;<\/span><\/a><\/p>\n","protected":false},"author":1,"featured_media":0,"parent":0,"menu_order":0,"comment_status":"closed","ping_status":"closed","template":"","meta":{"footnotes":""},"class_list":["post-476","page","type-page","status-publish","hentry"],"_links":{"self":[{"href":"https:\/\/www.dr-lessing.de\/fr\/wp-json\/wp\/v2\/pages\/476","targetHints":{"allow":["GET"]}}],"collection":[{"href":"https:\/\/www.dr-lessing.de\/fr\/wp-json\/wp\/v2\/pages"}],"about":[{"href":"https:\/\/www.dr-lessing.de\/fr\/wp-json\/wp\/v2\/types\/page"}],"author":[{"embeddable":true,"href":"https:\/\/www.dr-lessing.de\/fr\/wp-json\/wp\/v2\/users\/1"}],"replies":[{"embeddable":true,"href":"https:\/\/www.dr-lessing.de\/fr\/wp-json\/wp\/v2\/comments?post=476"}],"version-history":[{"count":0,"href":"https:\/\/www.dr-lessing.de\/fr\/wp-json\/wp\/v2\/pages\/476\/revisions"}],"wp:attachment":[{"href":"https:\/\/www.dr-lessing.de\/fr\/wp-json\/wp\/v2\/media?parent=476"}],"curies":[{"name":"wp","href":"https:\/\/api.w.org\/{rel}","templated":true}]}}