{"id":468,"date":"2021-11-15T19:31:38","date_gmt":"2021-11-15T18:31:38","guid":{"rendered":"http:\/\/www.web228.lx16.ihr-host.de\/?page_id=468"},"modified":"2021-11-15T19:31:39","modified_gmt":"2021-11-15T18:31:39","slug":"contact","status":"publish","type":"page","link":"https:\/\/www.dr-lessing.de\/fr\/contact\/","title":{"rendered":"Contact"},"content":{"rendered":"<p><img loading=\"lazy\" decoding=\"async\" class=\"alignright wp-image-39\" src=\"https:\/\/www.dr-lessing.de\/wp-content\/uploads\/2021\/11\/kontakt.jpg\" alt=\"Zahnarztpraxis Dr. Lessing Freiburg Kontakt\" width=\"300\" height=\"226\" \/><\/p>\n<p>Une question sur vos dents ou voulez-vous une consultation?<\/p>\n<p>Vous pouvez nous joindre par t\u00e9l\u00e9phone, par courrier, par fax ou par e-mail:<\/p>\n<p><strong>Dr. Rolf Lessing<br \/>\nZahnarzt, Fachzahnarzt f\u00fcr Oralchirurgie<\/strong><\/p>\n<p>Starkenstra\u00dfe 19 | D-79104 Freiburg<\/p>\n<p>Tel. 0761 &#8211; 3 58 34<br \/>\nFax 0761 &#8211; 3 58 63<\/p>\n<p>E-Mail: <a href=\"mailto:praxis@dr-lessing.de\">praxis@dr-lessing.de<\/a><\/p>\n<p>Internet: <a href=\"https:\/\/www.dr-lessing.de\">www.dr-lessing.de<\/a><\/p>\n","protected":false},"excerpt":{"rendered":"<p>Une question sur vos dents ou voulez-vous une consultation? Vous pouvez nous joindre par t\u00e9l\u00e9phone, par courrier, par fax ou par e-mail: Dr. Rolf Lessing Zahnarzt, Fachzahnarzt f\u00fcr Oralchirurgie Starkenstra\u00dfe 19 | D-79104 Freiburg Tel. 0761 &#8211; 3 58 34 Fax 0761 &#8211; 3 58 63 E-Mail: praxis@dr-lessing.de Internet: www.dr-lessing.de<\/p>\n","protected":false},"author":1,"featured_media":0,"parent":0,"menu_order":0,"comment_status":"closed","ping_status":"closed","template":"","meta":{"footnotes":""},"class_list":["post-468","page","type-page","status-publish","hentry"],"_links":{"self":[{"href":"https:\/\/www.dr-lessing.de\/fr\/wp-json\/wp\/v2\/pages\/468","targetHints":{"allow":["GET"]}}],"collection":[{"href":"https:\/\/www.dr-lessing.de\/fr\/wp-json\/wp\/v2\/pages"}],"about":[{"href":"https:\/\/www.dr-lessing.de\/fr\/wp-json\/wp\/v2\/types\/page"}],"author":[{"embeddable":true,"href":"https:\/\/www.dr-lessing.de\/fr\/wp-json\/wp\/v2\/users\/1"}],"replies":[{"embeddable":true,"href":"https:\/\/www.dr-lessing.de\/fr\/wp-json\/wp\/v2\/comments?post=468"}],"version-history":[{"count":0,"href":"https:\/\/www.dr-lessing.de\/fr\/wp-json\/wp\/v2\/pages\/468\/revisions"}],"wp:attachment":[{"href":"https:\/\/www.dr-lessing.de\/fr\/wp-json\/wp\/v2\/media?parent=468"}],"curies":[{"name":"wp","href":"https:\/\/api.w.org\/{rel}","templated":true}]}}