{"id":464,"date":"2021-11-15T19:01:59","date_gmt":"2021-11-15T18:01:59","guid":{"rendered":"http:\/\/www.web228.lx16.ihr-host.de\/?page_id=464"},"modified":"2021-11-15T19:02:00","modified_gmt":"2021-11-15T18:02:00","slug":"prophylaxie-pour-les-enfants-depuis-le-debut","status":"publish","type":"page","link":"https:\/\/www.dr-lessing.de\/fr\/prophylaxie-pour-les-enfants-depuis-le-debut\/","title":{"rendered":"Prophylaxie pour les enfants depuis le d\u00e9but"},"content":{"rendered":"<p><strong><img loading=\"lazy\" decoding=\"async\" class=\"alignleft wp-image-140\" src=\"https:\/\/www.dr-lessing.de\/wp-content\/uploads\/2021\/11\/zahnarzt-kinderbehandlung.jpg\" alt=\"Zahnarzt Freiburg Kinderbehandlung Dr. Lessing\" width=\"300\" height=\"200\" \/><\/strong><strong>Les enfants<\/strong>\u00a0sont bienvenues. Nous apportons beaucoup de compr\u00e9hension et de patience pour nos jeunes patients, parce que M. Lessing comme un enfant dans le fauteuil dentaire n&rsquo;\u00e9tait pas un h\u00e9ros imm\u00e9diatement.<\/p>\n<hr \/>\n<p>Nous renon\u00e7ons \u00e0 l&rsquo;utilisation de la controverse obturation dentaire et des d\u00e9fauts carieuses sont ferm\u00e9es avec de la r\u00e9sine composite.<\/p>\n<p>Jusqu&rsquo;\u00e0 pr\u00e9sent, il ne devrait pas venir. La meilleure <strong>pr\u00e9vention de la carie <\/strong>chez les enfants n&rsquo;est pas la fluoration des dents, mais <strong>une visite pr\u00e9alable chez le dentiste<\/strong> pour le nettoyage des dents et soins dentaires Entretien: Pas d&rsquo;hygi\u00e8ne personnelle, il n&rsquo;ya pas de dents permanentes en bonne sant\u00e9.<\/p>\n","protected":false},"excerpt":{"rendered":"<p>Les enfants\u00a0sont bienvenues. Nous apportons beaucoup de compr\u00e9hension et de patience pour nos jeunes patients, parce que M. Lessing comme un enfant dans le fauteuil dentaire n&rsquo;\u00e9tait pas un h\u00e9ros imm\u00e9diatement. Nous renon\u00e7ons \u00e0 l&rsquo;utilisation de la controverse obturation dentaire et des d\u00e9fauts carieuses sont ferm\u00e9es avec de la r\u00e9sine composite. Jusqu&rsquo;\u00e0 pr\u00e9sent, il ne &hellip; <\/p>\n<p class=\"link-more\"><a href=\"https:\/\/www.dr-lessing.de\/fr\/prophylaxie-pour-les-enfants-depuis-le-debut\/\" class=\"more-link\">Continuer la lecture<span class=\"screen-reader-text\"> de &laquo;&nbsp;Prophylaxie pour les enfants depuis le d\u00e9but&nbsp;&raquo;<\/span><\/a><\/p>\n","protected":false},"author":1,"featured_media":0,"parent":0,"menu_order":0,"comment_status":"closed","ping_status":"closed","template":"","meta":{"footnotes":""},"class_list":["post-464","page","type-page","status-publish","hentry"],"_links":{"self":[{"href":"https:\/\/www.dr-lessing.de\/fr\/wp-json\/wp\/v2\/pages\/464","targetHints":{"allow":["GET"]}}],"collection":[{"href":"https:\/\/www.dr-lessing.de\/fr\/wp-json\/wp\/v2\/pages"}],"about":[{"href":"https:\/\/www.dr-lessing.de\/fr\/wp-json\/wp\/v2\/types\/page"}],"author":[{"embeddable":true,"href":"https:\/\/www.dr-lessing.de\/fr\/wp-json\/wp\/v2\/users\/1"}],"replies":[{"embeddable":true,"href":"https:\/\/www.dr-lessing.de\/fr\/wp-json\/wp\/v2\/comments?post=464"}],"version-history":[{"count":0,"href":"https:\/\/www.dr-lessing.de\/fr\/wp-json\/wp\/v2\/pages\/464\/revisions"}],"wp:attachment":[{"href":"https:\/\/www.dr-lessing.de\/fr\/wp-json\/wp\/v2\/media?parent=464"}],"curies":[{"name":"wp","href":"https:\/\/api.w.org\/{rel}","templated":true}]}}