{"id":459,"date":"2021-11-15T18:58:30","date_gmt":"2021-11-15T17:58:30","guid":{"rendered":"http:\/\/www.web228.lx16.ihr-host.de\/?page_id=459"},"modified":"2021-11-15T18:58:31","modified_gmt":"2021-11-15T17:58:31","slug":"empreinte","status":"publish","type":"page","link":"https:\/\/www.dr-lessing.de\/fr\/empreinte\/","title":{"rendered":"Empreinte"},"content":{"rendered":"<h2>Angaben gem\u00e4\u00df \u00a7 5 TMG:<\/h2>\n<p>Rolf Lessing<br \/>\nZahnarzt und Fachzahnarzt f\u00fcr Oralchirurgie in Freiburg<br \/>\nStarkenstra\u00dfe 19<br \/>\nD &#8211; 79104 Freiburg<\/p>\n<h3>Kontakt<\/h3>\n<p>Telefon: 0761 \u2212 3 58 34<br \/>\nTelefax: 0761 \u2212 3 58 63<br \/>\nE-Mail: praxis@dr-lessing.de<\/p>\n<h3>T\u00e4tigkeitsschwerpunkte<\/h3>\n<ul>\n<li>Implantologie<\/li>\n<li>Laser-Zahnheilkunde<\/li>\n<li>Hom\u00f6opathie<\/li>\n<\/ul>\n<h3>Staat, in dem die Approbation verliehen wurde<\/h3>\n<p>Bundesrepublik Deutschland<\/p>\n<h3>Berufsbezeichnung<\/h3>\n<p>Zahnarzt, Fachzahnarzt f\u00fcr Oralchirugie<\/p>\n<h3>Aufsichtsbeh\u00f6rde<\/h3>\n<p>Sozialministerium Baden-W\u00fcrttemberg<br \/>\nSchellingstr. 15<br \/>\n70174 Stuttgart<br \/>\n<a href=\"https:\/\/sozialministerium.baden-wuerttemberg.de\/de\/startseite\/\" target=\"_blank\" rel=\"noopener\">&gt; https:\/\/sozialministerium.baden-wuerttemberg.de\/de\/startseite\/<\/a><\/p>\n<p>Landeszahn\u00e4rztekammer Baden-W\u00fcrttemberg<br \/>\nAlbstadtweg 9<br \/>\n70567 Stuttgart<br \/>\nTelefon: +49 (0)7 11 \/ 2 28 45 \u2013 0<br \/>\nTelefax: +49 (0)7 11 \/ 2 28 45 \u2013 44<br \/>\nE-Mail: <a href=\"mailto:info@lzk-bw.de\">info@lzk-bw.de<\/a><br \/>\n<a href=\"https:\/\/lzk-bw.de\/\" target=\"_blank\" rel=\"noopener noreferrer\">&gt; https:\/\/lzk-bw.de<\/a><\/p>\n<h3>Zust\u00e4ndige Kassenzahn\u00e4rztliche Vereinigung<\/h3>\n<p>Kassenzahn\u00e4rztliche Vereinigung Baden-W\u00fcrttemberg<br \/>\nK\u00f6rperschaft des \u00f6ffentlichen Rechts<br \/>\nHauptverwaltung:<br \/>\nAlbstadtweg 9<br \/>\n70567 Stuttgart<br \/>\nTel: 0711-7877-0<br \/>\n<a href=\"http:\/\/www.kzvbw.de\/\" target=\"_blank\" rel=\"noopener noreferrer\">&gt; https:\/\/www.kzvbw.de<\/a><\/p>\n<p>Kassenzahn\u00e4rztliche Vereinigung Baden-W\u00fcrttemberg<br \/>\nBezirksdirektion Freiburg<br \/>\nK\u00f6rperschaft des \u00f6ffentlichen Recht<br \/>\nMerzhauser Str. 114-116<br \/>\n79100 Freiburg<br \/>\nTel: 0761-45060<br \/>\n<a href=\"http:\/\/www.kzvbw.de\/site\/ueber-uns\/kontakt\/kontakt-bd-freiburg\" target=\"_blank\" rel=\"noopener\">&gt; https:\/\/www.kzvbw.de\/site\/ueber-uns\/kontakt\/kontakt-bd-freiburg<\/a><\/p>\n<h3>Zust\u00e4ndige Kammer<\/h3>\n<p>Landeszahn\u00e4rztekammer Baden-W\u00fcrttemberg<br \/>\nAlbstadtweg 9<br \/>\n70567 Stuttgart<br \/>\nTel: 0711-228450<br \/>\n<a href=\"https:\/\/www.lzk-bw.de\/\" target=\"_blank\" rel=\"noopener\">&gt; https:\/\/www.lzk-bw.de\/<\/a><\/p>\n<p>Bezirkszahn\u00e4rztekammer Freiburg<br \/>\nMerzhauser Str. 114-116<br \/>\nD- 79100 Freiburg<br \/>\nTel: 0761-45060<br \/>\n<a href=\"https:\/\/lzk-bw.de\/die-kammer\/bezirkszahnaerztekammern\/freiburg\/\" target=\"_blank\" rel=\"noopener\">&gt; https:\/\/lzk-bw.de\/die-kammer\/bezirkszahnaerztekammern\/freiburg\/<\/a><\/p>\n<h3>Berufsbezeichnung und berufsrechtliche Regelungen<\/h3>\n<ul>\n<li>Gesetz \u00fcber die Aus\u00fcbung der Zahnheilkunde (Zahnheilkundegesetz)<\/li>\n<li>Heilberufe-Kammergesetz<\/li>\n<li>Berufsordnung f\u00fcr Zahn\u00e4rzte<\/li>\n<li>Geb\u00fchrenordnung f\u00fcr Zahn\u00e4rzte (GOZ)<\/li>\n<\/ul>\n<p>Die berufsrechtlichen Regelungen der Landeszahn\u00e4rztekammer Baden-W\u00fcrttemberg finden Sie unter:<br \/>\n<a href=\"https:\/\/lzk-bw.de\/patienten\/gesetzliche-regelungen-zur-zahnaerztlichen-berufsausuebung\/\" target=\"_blank\" rel=\"noopener\">&gt; https:\/\/lzk-bw.de\/patienten\/gesetzliche-regelungen-zur-zahnaerztlichen-berufsausuebung\/<\/a><\/p>\n<h3>Berufshaftpflichtversicherung<\/h3>\n<p>Alte Leipziger<br \/>\nVersicherung Aktiengesellschaft<br \/>\nAlte Leipziger-Platz 1<br \/>\n61440 Oberursel (Taunus)<\/p>\n<h3>Inhaltlich Verantwortlicher gem\u00e4\u00df \u00a7 6 MDStV<\/h3>\n<p>Dr. med. dent. Rolf Lessing<\/p>\n<h3>Streitschlichtung<\/h3>\n<p>Wir sind nicht bereit oder verpflichtet, an Streitbeilegungsverfahren vor einer Verbraucherschlichtungsstelle teilzunehmen.<\/p>\n<h3>Haftung f\u00fcr Inhalte<\/h3>\n<p>Als Diensteanbieter sind wir gem\u00e4\u00df \u00a7 7 Abs.1 TMG f\u00fcr eigene Inhalte auf diesen Seiten nach den allgemeinen Gesetzen verantwortlich. Nach \u00a7\u00a7 8 bis 10 TMG sind wir als Diensteanbieter jedoch nicht verpflichtet, \u00fcbermittelte oder gespeicherte fremde Informationen zu \u00fcberwachen oder nach Umst\u00e4nden zu forschen, die auf eine rechtswidrige T\u00e4tigkeit hinweisen.<\/p>\n<p>Verpflichtungen zur Entfernung oder Sperrung der Nutzung von Informationen nach den allgemeinen Gesetzen bleiben hiervon unber\u00fchrt. Eine diesbez\u00fcgliche Haftung ist jedoch erst ab dem Zeitpunkt der Kenntnis einer konkreten Rechtsverletzung m\u00f6glich. Bei Bekanntwerden von entsprechenden Rechtsverletzungen werden wir diese Inhalte umgehend entfernen.<\/p>\n<h3>Haftung f\u00fcr Links<\/h3>\n<p>Unser Angebot enth\u00e4lt Links zu externen Websites Dritter, auf deren Inhalte wir keinen Einfluss haben. Deshalb k\u00f6nnen wir f\u00fcr diese fremden Inhalte auch keine Gew\u00e4hr \u00fcbernehmen. F\u00fcr die Inhalte der verlinkten Seiten ist stets der jeweilige Anbieter oder Betreiber der Seiten verantwortlich. Die verlinkten Seiten wurden zum Zeitpunkt der Verlinkung auf m\u00f6gliche Rechtsverst\u00f6\u00dfe \u00fcberpr\u00fcft. Rechtswidrige Inhalte waren zum Zeitpunkt der Verlinkung nicht erkennbar.<\/p>\n<p>Eine permanente inhaltliche Kontrolle der verlinkten Seiten ist jedoch ohne konkrete Anhaltspunkte einer Rechtsverletzung nicht zumutbar. Bei Bekanntwerden von Rechtsverletzungen werden wir derartige Links umgehend entfernen.<\/p>\n<h3>Urheberrecht<\/h3>\n<p>Die durch die Seitenbetreiber erstellten Inhalte und Werke auf diesen Seiten unterliegen dem deutschen Urheberrecht. Die Vervielf\u00e4ltigung, Bearbeitung, Verbreitung und jede Art der Verwertung au\u00dferhalb der Grenzen des Urheberrechtes bed\u00fcrfen der schriftlichen Zustimmung des jeweiligen Autors bzw. Erstellers. Downloads und Kopien dieser Seite sind nur f\u00fcr den privaten, nicht kommerziellen Gebrauch gestattet.<\/p>\n<p>Soweit die Inhalte auf dieser Seite nicht vom Betreiber erstellt wurden, werden die Urheberrechte Dritter beachtet. Insbesondere werden Inhalte Dritter als solche gekennzeichnet. Sollten Sie trotzdem auf eine Urheberrechtsverletzung aufmerksam werden, bitten wir um einen entsprechenden Hinweis. Bei Bekanntwerden von Rechtsverletzungen werden wir derartige Inhalte umgehend entfernen.<\/p>\n<h3>Bildnachweis<\/h3>\n<table border=\"0\" summary=\"Zahnarzt Freiburg Dr. Lessing Bildnachweis\" width=\"500\" cellspacing=\"0\" cellpadding=\"0\">\n<tbody>\n<tr>\n<td valign=\"top\" width=\"120\">\n<p class=\"nullpadding\" align=\"left\"><strong>Seite<\/strong><\/p>\n<\/td>\n<td valign=\"top\"><strong>Quelle<\/strong><\/td>\n<\/tr>\n<tr>\n<td valign=\"top\" width=\"120\">\n<p class=\"nullpadding\" align=\"left\">Startseite Fensterhintergrund<\/p>\n<\/td>\n<td valign=\"top\">\u00a9 Serghei Velusceac &#8211; Fotolia.com<\/td>\n<\/tr>\n<tr>\n<td valign=\"top\" width=\"120\">\n<p class=\"nullpadding\" align=\"left\">Sprachen Icons<\/p>\n<\/td>\n<td valign=\"top\">\u00a9 issumbosi &#8211; Fotolia.com<\/td>\n<\/tr>\n<tr>\n<td valign=\"top\" width=\"160\">\n<p class=\"nullpadding\" align=\"left\">Kindervorsorge<\/p>\n<\/td>\n<td valign=\"top\">\u00a9 karelnoppe &#8211; Fotolia.com<\/td>\n<\/tr>\n<tr>\n<td valign=\"top\" width=\"160\">\n<p class=\"nullpadding\" align=\"left\">Kieferorthop\u00e4die<\/p>\n<\/td>\n<td valign=\"top\">\u00a9 draw05 &#8211; Fotolia.com<\/td>\n<\/tr>\n<tr>\n<td valign=\"top\" width=\"160\">\n<p class=\"nullpadding\" align=\"left\">Zahnarztangst<\/p>\n<\/td>\n<td valign=\"top\">\u00a9 Robert Hoetink &#8211; Fotolia.com<\/td>\n<\/tr>\n<tr>\n<td valign=\"top\" width=\"160\">\n<p class=\"nullpadding\" align=\"left\">Prophylaxe<\/p>\n<\/td>\n<td valign=\"top\">\u00a9 Valeriy Velikov &#8211; Fotolia.com<\/td>\n<\/tr>\n<tr>\n<td valign=\"top\" width=\"160\">\n<p class=\"nullpadding\" align=\"left\">Phantom Zahnkaries<\/p>\n<\/td>\n<td valign=\"top\">\u00a9 Visions-AD &#8211; Fotolia.com<\/td>\n<\/tr>\n<tr>\n<td valign=\"top\" width=\"160\">\n<p class=\"nullpadding\" align=\"left\">Sch\u00f6ne Z\u00e4hne<\/p>\n<\/td>\n<td valign=\"top\">\u00a9 karelnoppe &#8211; Fotolia.com<\/td>\n<\/tr>\n<tr>\n<td valign=\"top\" width=\"160\">\n<p class=\"nullpadding\" align=\"left\">Zahnfleischprobleme<\/p>\n<\/td>\n<td valign=\"top\">\u00a9 Christoph H\u00e4hnel &#8211; Fotolia.com<\/td>\n<\/tr>\n<tr>\n<td valign=\"top\" width=\"160\">\n<p class=\"nullpadding\" align=\"left\">Wurzelbehandlung<\/p>\n<\/td>\n<td valign=\"top\">\u00a9 astronoman &#8211; Fotolia.com<\/td>\n<\/tr>\n<tr>\n<td valign=\"top\" width=\"160\">\n<p class=\"nullpadding\" align=\"left\">Zahnimplantate<\/p>\n<\/td>\n<td valign=\"top\">\u00a9 Fotofrank &#8211; Fotolia.com<\/td>\n<\/tr>\n<tr>\n<td valign=\"top\" width=\"160\">\n<p class=\"nullpadding\" align=\"left\">Vertr\u00e4gliche Zahnmaterialien<\/p>\n<\/td>\n<td valign=\"top\">\u00a9 reineg &#8211; Fotolia.com<\/td>\n<\/tr>\n<tr>\n<td valign=\"top\" width=\"160\">\n<p class=\"nullpadding\" align=\"left\">Kiefergelenk<\/p>\n<\/td>\n<td valign=\"top\">\u00a9 Robert Kneschke &#8211; Fotolia.com<\/td>\n<\/tr>\n<tr>\n<td valign=\"top\" width=\"160\">\n<p class=\"nullpadding\" align=\"left\">Weisheitszahn<\/p>\n<\/td>\n<td valign=\"top\">\u00a9 VRD- Fotolia.com<\/td>\n<\/tr>\n<tr>\n<td valign=\"top\" width=\"160\">\n<p class=\"nullpadding\" align=\"left\">Hom\u00f6opathie<\/p>\n<\/td>\n<td valign=\"top\">\u00a9 Sonja Birkelbach- Fotolia.com<\/td>\n<\/tr>\n<tr>\n<td valign=\"top\" width=\"160\">\n<p class=\"nullpadding\" align=\"left\">Seniorenheim<\/p>\n<\/td>\n<td valign=\"top\">\u00a9 Peter Atkins- Fotolia.com<\/td>\n<\/tr>\n<tr>\n<td valign=\"top\" width=\"160\">\n<p class=\"nullpadding\" align=\"left\">Icons Praxisprofil<\/p>\n<\/td>\n<td valign=\"top\">\u00a9 Alex Belomlinsky- Istockphoto.com<\/td>\n<\/tr>\n<\/tbody>\n<\/table>\n<h3>Webdesign und Programmierung<\/h3>\n<p>CAVALLUCCI | MEDIEN UND MARKETING | Werbung f\u00fcr Medizin, \u00c4rzte, Zahn\u00e4rzte, Heilberufler<br \/>\nAnnaplatz 3 | 79100 Freiburg | Tel. 0761.7 07 54 04<br \/>\n<a href=\"http:\/\/www.cavallucci.de\" target=\"_blank\" rel=\"noopener\">CAVALLUCCI MEDIEN UND MARKETING Werbeagentur Freiburg, www.cavallucci.de<\/a><\/p>\n","protected":false},"excerpt":{"rendered":"<p>Angaben gem\u00e4\u00df \u00a7 5 TMG: Rolf Lessing Zahnarzt und Fachzahnarzt f\u00fcr Oralchirurgie in Freiburg Starkenstra\u00dfe 19 D &#8211; 79104 Freiburg Kontakt Telefon: 0761 \u2212 3 58 34 Telefax: 0761 \u2212 3 58 63 E-Mail: praxis@dr-lessing.de T\u00e4tigkeitsschwerpunkte Implantologie Laser-Zahnheilkunde Hom\u00f6opathie Staat, in dem die Approbation verliehen wurde Bundesrepublik Deutschland Berufsbezeichnung Zahnarzt, Fachzahnarzt f\u00fcr Oralchirugie Aufsichtsbeh\u00f6rde Sozialministerium &hellip; <\/p>\n<p class=\"link-more\"><a href=\"https:\/\/www.dr-lessing.de\/fr\/empreinte\/\" class=\"more-link\">Continuer la lecture<span class=\"screen-reader-text\"> de &laquo;&nbsp;Empreinte&nbsp;&raquo;<\/span><\/a><\/p>\n","protected":false},"author":1,"featured_media":0,"parent":0,"menu_order":0,"comment_status":"closed","ping_status":"closed","template":"","meta":{"footnotes":""},"class_list":["post-459","page","type-page","status-publish","hentry"],"_links":{"self":[{"href":"https:\/\/www.dr-lessing.de\/fr\/wp-json\/wp\/v2\/pages\/459","targetHints":{"allow":["GET"]}}],"collection":[{"href":"https:\/\/www.dr-lessing.de\/fr\/wp-json\/wp\/v2\/pages"}],"about":[{"href":"https:\/\/www.dr-lessing.de\/fr\/wp-json\/wp\/v2\/types\/page"}],"author":[{"embeddable":true,"href":"https:\/\/www.dr-lessing.de\/fr\/wp-json\/wp\/v2\/users\/1"}],"replies":[{"embeddable":true,"href":"https:\/\/www.dr-lessing.de\/fr\/wp-json\/wp\/v2\/comments?post=459"}],"version-history":[{"count":0,"href":"https:\/\/www.dr-lessing.de\/fr\/wp-json\/wp\/v2\/pages\/459\/revisions"}],"wp:attachment":[{"href":"https:\/\/www.dr-lessing.de\/fr\/wp-json\/wp\/v2\/media?parent=459"}],"curies":[{"name":"wp","href":"https:\/\/api.w.org\/{rel}","templated":true}]}}