{"id":455,"date":"2021-11-15T18:55:53","date_gmt":"2021-11-15T17:55:53","guid":{"rendered":"http:\/\/www.web228.lx16.ihr-host.de\/?page_id=455"},"modified":"2021-11-15T18:55:54","modified_gmt":"2021-11-15T17:55:54","slug":"dans-la-maison-de-soins-infirmiers-et-alors","status":"publish","type":"page","link":"https:\/\/www.dr-lessing.de\/fr\/dans-la-maison-de-soins-infirmiers-et-alors\/","title":{"rendered":"Dans la maison de soins infirmiers &#8211; et alors?"},"content":{"rendered":"<p><img loading=\"lazy\" decoding=\"async\" class=\"alignleft wp-image-137\" src=\"https:\/\/www.dr-lessing.de\/wp-content\/uploads\/2021\/11\/seniorenheim.jpg\" alt=\"Zahnarzt Freiburg Seniorenbehandlung Dr. Lessing\" width=\"300\" height=\"200\" \/>Notre esp\u00e9rance de vie statistique est en constante augmentation, de nombreuses personnes \u00e2g\u00e9es ne peuvent plus aller chez le dentiste \u00e0 un moment donn\u00e9.<\/p>\n<p>Dans les cas simples, il ya la possibilit\u00e9 de <strong>services d&rsquo;ambulance dans le cabinet dentaire<\/strong> gr\u00e2ce \u00e0 des services tels que la Croix-Rouge allemande etc.<\/p>\n<p>Bei nicht transportablen <strong>Pflegebed\u00fcrftigen<\/strong> und <strong>Demenzkranken<\/strong> behandeln wir kranke Z\u00e4hne und Probleme am Zahnersatz \u00fcber <strong>Hausbesuche<\/strong>.<\/p>\n<p>Les personnes \u00e0 charge et les patients atteints de d\u00e9mence nous traitons les dents malades ou des probl\u00e8mes dentaires <strong>\u00e0 la maison<\/strong> sur les visites.<\/p>\n<p>Notre pratique sert certaines <strong>maisons de soins infirmiers<\/strong> \u00e0 Fribourg. Nous faisons une distance acceptable de pratiquer des visites \u00e0 domicile ainsi que dans de nouveaux patients. Les options de traitement pourraient ne sont pas aussi restreinte que l&rsquo;on pourrait penser, m\u00eame un moteur dentaire portatif est disponible. Vous avez juste besoin d&rsquo;un exutoire.<\/p>\n","protected":false},"excerpt":{"rendered":"<p>Notre esp\u00e9rance de vie statistique est en constante augmentation, de nombreuses personnes \u00e2g\u00e9es ne peuvent plus aller chez le dentiste \u00e0 un moment donn\u00e9. Dans les cas simples, il ya la possibilit\u00e9 de services d&rsquo;ambulance dans le cabinet dentaire gr\u00e2ce \u00e0 des services tels que la Croix-Rouge allemande etc. Bei nicht transportablen Pflegebed\u00fcrftigen und Demenzkranken &hellip; <\/p>\n<p class=\"link-more\"><a href=\"https:\/\/www.dr-lessing.de\/fr\/dans-la-maison-de-soins-infirmiers-et-alors\/\" class=\"more-link\">Continuer la lecture<span class=\"screen-reader-text\"> de &laquo;&nbsp;Dans la maison de soins infirmiers &#8211; et alors?&nbsp;&raquo;<\/span><\/a><\/p>\n","protected":false},"author":1,"featured_media":0,"parent":0,"menu_order":0,"comment_status":"closed","ping_status":"closed","template":"","meta":{"footnotes":""},"class_list":["post-455","page","type-page","status-publish","hentry"],"_links":{"self":[{"href":"https:\/\/www.dr-lessing.de\/fr\/wp-json\/wp\/v2\/pages\/455","targetHints":{"allow":["GET"]}}],"collection":[{"href":"https:\/\/www.dr-lessing.de\/fr\/wp-json\/wp\/v2\/pages"}],"about":[{"href":"https:\/\/www.dr-lessing.de\/fr\/wp-json\/wp\/v2\/types\/page"}],"author":[{"embeddable":true,"href":"https:\/\/www.dr-lessing.de\/fr\/wp-json\/wp\/v2\/users\/1"}],"replies":[{"embeddable":true,"href":"https:\/\/www.dr-lessing.de\/fr\/wp-json\/wp\/v2\/comments?post=455"}],"version-history":[{"count":0,"href":"https:\/\/www.dr-lessing.de\/fr\/wp-json\/wp\/v2\/pages\/455\/revisions"}],"wp:attachment":[{"href":"https:\/\/www.dr-lessing.de\/fr\/wp-json\/wp\/v2\/media?parent=455"}],"curies":[{"name":"wp","href":"https:\/\/api.w.org\/{rel}","templated":true}]}}