{"id":451,"date":"2021-11-15T18:52:48","date_gmt":"2021-11-15T17:52:48","guid":{"rendered":"http:\/\/www.web228.lx16.ihr-host.de\/?page_id=451"},"modified":"2021-11-15T18:52:50","modified_gmt":"2021-11-15T17:52:50","slug":"pour-les-dents-plus-belles","status":"publish","type":"page","link":"https:\/\/www.dr-lessing.de\/fr\/pour-les-dents-plus-belles\/","title":{"rendered":"Pour les dents plus belles"},"content":{"rendered":"<p><img loading=\"lazy\" decoding=\"async\" class=\"alignleft wp-image-134\" src=\"https:\/\/www.dr-lessing.de\/wp-content\/uploads\/2021\/11\/schone-zaehne.jpg\" alt=\"Zahnarzt Freiburg schoene aesthetische Zaehne Zahnschmerzen Dr. Lessing\" width=\"300\" height=\"200\" \/><\/p>\n<p>D\u00e9fauts tels que noir, rupicoles, anormalement d\u00e9color\u00e9es ou exp\u00e9riment\u00e9s excessive des dents \u00e0 m\u00e2cher, gommes inesth\u00e9tique &#8211; qui ne doit pas l&rsquo;\u00eatre aujourd&rsquo;hui.<\/p>\n<hr \/>\n<p><strong>L&rsquo;esth\u00e9tique soins dentaires<\/strong> am\u00e9liorer suivent les directives de traitement:<\/p>\n<ul class=\"schneidezahn\">\n<li>L&rsquo;utilisation de couches de couleur \u00c4sthetikkomposits \u00e0 l&rsquo;avant, m\u00eame pour la fermeture des espaces<\/li>\n<li>Les plombages blancs ou les placages de porcelaine peu invasive, avec une conservation optimale de la structure de la dent au lieu de (partielle) des couronnes<\/li>\n<li>Pas de remplissage inesth\u00e9tiques amalgames dentaires ou de l&rsquo;or<\/li>\n<li><strong>Techniques de blanchiment (blanchiment)<\/strong><\/li>\n<li>Greffes gingivales les activit\u00e9s de mod\u00e9lisation avec le laser<\/li>\n<li>Correction orthodontique<\/li>\n<\/ul>\n<p>.<\/p>\n","protected":false},"excerpt":{"rendered":"<p>D\u00e9fauts tels que noir, rupicoles, anormalement d\u00e9color\u00e9es ou exp\u00e9riment\u00e9s excessive des dents \u00e0 m\u00e2cher, gommes inesth\u00e9tique &#8211; qui ne doit pas l&rsquo;\u00eatre aujourd&rsquo;hui. L&rsquo;esth\u00e9tique soins dentaires am\u00e9liorer suivent les directives de traitement: L&rsquo;utilisation de couches de couleur \u00c4sthetikkomposits \u00e0 l&rsquo;avant, m\u00eame pour la fermeture des espaces Les plombages blancs ou les placages de porcelaine peu &hellip; <\/p>\n<p class=\"link-more\"><a href=\"https:\/\/www.dr-lessing.de\/fr\/pour-les-dents-plus-belles\/\" class=\"more-link\">Continuer la lecture<span class=\"screen-reader-text\"> de &laquo;&nbsp;Pour les dents plus belles&nbsp;&raquo;<\/span><\/a><\/p>\n","protected":false},"author":1,"featured_media":0,"parent":0,"menu_order":0,"comment_status":"closed","ping_status":"closed","template":"","meta":{"footnotes":""},"class_list":["post-451","page","type-page","status-publish","hentry"],"_links":{"self":[{"href":"https:\/\/www.dr-lessing.de\/fr\/wp-json\/wp\/v2\/pages\/451","targetHints":{"allow":["GET"]}}],"collection":[{"href":"https:\/\/www.dr-lessing.de\/fr\/wp-json\/wp\/v2\/pages"}],"about":[{"href":"https:\/\/www.dr-lessing.de\/fr\/wp-json\/wp\/v2\/types\/page"}],"author":[{"embeddable":true,"href":"https:\/\/www.dr-lessing.de\/fr\/wp-json\/wp\/v2\/users\/1"}],"replies":[{"embeddable":true,"href":"https:\/\/www.dr-lessing.de\/fr\/wp-json\/wp\/v2\/comments?post=451"}],"version-history":[{"count":0,"href":"https:\/\/www.dr-lessing.de\/fr\/wp-json\/wp\/v2\/pages\/451\/revisions"}],"wp:attachment":[{"href":"https:\/\/www.dr-lessing.de\/fr\/wp-json\/wp\/v2\/media?parent=451"}],"curies":[{"name":"wp","href":"https:\/\/api.w.org\/{rel}","templated":true}]}}