{"id":447,"date":"2021-11-15T18:49:31","date_gmt":"2021-11-15T17:49:31","guid":{"rendered":"http:\/\/www.web228.lx16.ihr-host.de\/?page_id=447"},"modified":"2021-11-15T18:49:32","modified_gmt":"2021-11-15T17:49:32","slug":"que-faire-pour-la-prophylaxie","status":"publish","type":"page","link":"https:\/\/www.dr-lessing.de\/fr\/que-faire-pour-la-prophylaxie\/","title":{"rendered":"Que faire pour la prophylaxie"},"content":{"rendered":"<p>Les caries et les maladies parodontales sont caus\u00e9es par des bact\u00e9ries, ce qui pourrait prendre temporairement le contr\u00f4le.<\/p>\n<h3>Y at-il particuli\u00e8rement pr\u00e9occup\u00e9 par le \u00abmauvais\u00bb dents?<\/h3>\n<p><img loading=\"lazy\" decoding=\"async\" class=\"alignleft wp-image-52\" src=\"https:\/\/www.dr-lessing.de\/wp-content\/uploads\/2021\/11\/zahnprophylaxe.jpg\" alt=\"\" width=\"300\" height=\"200\" \/><\/p>\n<p>La sant\u00e9 dentaire est assur\u00e9e par bonne <strong>hygi\u00e8ne buccodentaire<\/strong>, pr\u00e9vention des effets ind\u00e9sirables des habitudes alimentaires et le <strong>nettoyage des dents professionel<\/strong> au cabinet dentaire, au moins 1x par an en fonction du risque.<\/p>\n<hr \/>\n<p>Le soin appropri\u00e9 des dents n&rsquo;est pas si compliqu\u00e9et ne prend pas beaucoup du temps &#8211; nous allons vous l`apprendre et nous montre \u00e0 vous les erreurs.<\/p>\n<h3>Sont des conseils g\u00e9n\u00e9raux sur l&rsquo;alimentation saine vraiment bon pour les dents?<\/h3>\n<p>Nous expliquons \u00e0 nos yeux. Des dents propres ne souffrent pas de caries et des maladies parodontales &#8211; le nettoyage professionnel des dents \u00e9limine les d\u00e9p\u00f4ts nocifs qui sont difficiles d&rsquo;acc\u00e8s.<\/p>\n<p>La prophylaxie est plus pertinent aujourd&rsquo;hui que jamais. Par cons\u00e9quent, nous avons coupl\u00e9 avec l&rsquo;examen soins dentaires toujours un nettoyage des dents professionel sans date suppl\u00e9mentaire distinct.<\/p>\n","protected":false},"excerpt":{"rendered":"<p>Les caries et les maladies parodontales sont caus\u00e9es par des bact\u00e9ries, ce qui pourrait prendre temporairement le contr\u00f4le. Y at-il particuli\u00e8rement pr\u00e9occup\u00e9 par le \u00abmauvais\u00bb dents? La sant\u00e9 dentaire est assur\u00e9e par bonne hygi\u00e8ne buccodentaire, pr\u00e9vention des effets ind\u00e9sirables des habitudes alimentaires et le nettoyage des dents professionel au cabinet dentaire, au moins 1x par &hellip; <\/p>\n<p class=\"link-more\"><a href=\"https:\/\/www.dr-lessing.de\/fr\/que-faire-pour-la-prophylaxie\/\" class=\"more-link\">Continuer la lecture<span class=\"screen-reader-text\"> de &laquo;&nbsp;Que faire pour la prophylaxie&nbsp;&raquo;<\/span><\/a><\/p>\n","protected":false},"author":1,"featured_media":0,"parent":0,"menu_order":0,"comment_status":"closed","ping_status":"closed","template":"","meta":{"footnotes":""},"class_list":["post-447","page","type-page","status-publish","hentry"],"_links":{"self":[{"href":"https:\/\/www.dr-lessing.de\/fr\/wp-json\/wp\/v2\/pages\/447","targetHints":{"allow":["GET"]}}],"collection":[{"href":"https:\/\/www.dr-lessing.de\/fr\/wp-json\/wp\/v2\/pages"}],"about":[{"href":"https:\/\/www.dr-lessing.de\/fr\/wp-json\/wp\/v2\/types\/page"}],"author":[{"embeddable":true,"href":"https:\/\/www.dr-lessing.de\/fr\/wp-json\/wp\/v2\/users\/1"}],"replies":[{"embeddable":true,"href":"https:\/\/www.dr-lessing.de\/fr\/wp-json\/wp\/v2\/comments?post=447"}],"version-history":[{"count":0,"href":"https:\/\/www.dr-lessing.de\/fr\/wp-json\/wp\/v2\/pages\/447\/revisions"}],"wp:attachment":[{"href":"https:\/\/www.dr-lessing.de\/fr\/wp-json\/wp\/v2\/media?parent=447"}],"curies":[{"name":"wp","href":"https:\/\/api.w.org\/{rel}","templated":true}]}}