{"id":433,"date":"2021-11-15T18:04:22","date_gmt":"2021-11-15T17:04:22","guid":{"rendered":"http:\/\/www.web228.lx16.ihr-host.de\/?page_id=433"},"modified":"2021-11-15T18:04:24","modified_gmt":"2021-11-15T17:04:24","slug":"anxiete-inutile","status":"publish","type":"page","link":"https:\/\/www.dr-lessing.de\/fr\/anxiete-inutile\/","title":{"rendered":"Anxiet\u00e9 inutile"},"content":{"rendered":"<p><img loading=\"lazy\" decoding=\"async\" class=\"alignleft wp-image-58 size-full\" src=\"https:\/\/www.dr-lessing.de\/wp-content\/uploads\/2021\/11\/zahnarztangst.jpg\" alt=\"Zahnarzt Freiburg Dr. Lessing Angst vor dem Zahnarzt\" width=\"425\" height=\"283\" \/>Si vous souffrez d\u2019anxi\u00e9t\u00e9 grave, nous trouverons une solution ensemble:<\/p>\n<hr \/>\n<ul class=\"pfeilliste\">\n<li>Pas d\u2019injection sans <strong>anesth\u00e9sie pr\u00e9c\u00e9demment<\/strong><\/li>\n<li><strong>Anesth\u00e9sie minimale<\/strong> avec la m\u00e9thode assist\u00e9e par ordinateur, une anesth\u00e9sie de conduction grande inutiles<\/li>\n<li><strong>Le nettoyage plus doux<\/strong> des poches gingivales enflamm\u00e9es par gel anesth\u00e9siant sp\u00e9ciales<\/li>\n<li><strong>Traitementmoins <\/strong><strong>des caries avec moins douleurs<\/strong> avec le <strong>laser<\/strong><\/li>\n<li><strong>R\u00e9duction de l\u2019anxi\u00e9t\u00e9<\/strong> en soutenant traitements naturopathiques<\/li>\n<li><strong>Gag d\u00e9gradants<\/strong> par l\u2019acupuncture et l\u2019exercice physique<\/li>\n<li>Administration de diaz\u00e9pam <strong>dans la crainte tr\u00e8s forte de traitement<\/strong> ou <strong>gag puissant r\u00e9flexe<\/strong>. Comme un patient vous restez conscient, moins d\u2019effets secondaires et une agr\u00e9able alternative \u00e0 l\u2019anesth\u00e9sie g\u00e9n\u00e9ral<\/li>\n<\/ul>\n","protected":false},"excerpt":{"rendered":"<p>Si vous souffrez d\u2019anxi\u00e9t\u00e9 grave, nous trouverons une solution ensemble: Pas d\u2019injection sans anesth\u00e9sie pr\u00e9c\u00e9demment Anesth\u00e9sie minimale avec la m\u00e9thode assist\u00e9e par ordinateur, une anesth\u00e9sie de conduction grande inutiles Le nettoyage plus doux des poches gingivales enflamm\u00e9es par gel anesth\u00e9siant sp\u00e9ciales Traitementmoins des caries avec moins douleurs avec le laser R\u00e9duction de l\u2019anxi\u00e9t\u00e9 en soutenant &hellip; <\/p>\n<p class=\"link-more\"><a href=\"https:\/\/www.dr-lessing.de\/fr\/anxiete-inutile\/\" class=\"more-link\">Continuer la lecture<span class=\"screen-reader-text\"> de &laquo;&nbsp;Anxiet\u00e9 inutile&nbsp;&raquo;<\/span><\/a><\/p>\n","protected":false},"author":1,"featured_media":0,"parent":0,"menu_order":0,"comment_status":"closed","ping_status":"closed","template":"","meta":{"footnotes":""},"class_list":["post-433","page","type-page","status-publish","hentry"],"_links":{"self":[{"href":"https:\/\/www.dr-lessing.de\/fr\/wp-json\/wp\/v2\/pages\/433","targetHints":{"allow":["GET"]}}],"collection":[{"href":"https:\/\/www.dr-lessing.de\/fr\/wp-json\/wp\/v2\/pages"}],"about":[{"href":"https:\/\/www.dr-lessing.de\/fr\/wp-json\/wp\/v2\/types\/page"}],"author":[{"embeddable":true,"href":"https:\/\/www.dr-lessing.de\/fr\/wp-json\/wp\/v2\/users\/1"}],"replies":[{"embeddable":true,"href":"https:\/\/www.dr-lessing.de\/fr\/wp-json\/wp\/v2\/comments?post=433"}],"version-history":[{"count":0,"href":"https:\/\/www.dr-lessing.de\/fr\/wp-json\/wp\/v2\/pages\/433\/revisions"}],"wp:attachment":[{"href":"https:\/\/www.dr-lessing.de\/fr\/wp-json\/wp\/v2\/media?parent=433"}],"curies":[{"name":"wp","href":"https:\/\/api.w.org\/{rel}","templated":true}]}}