{"id":419,"date":"2021-11-15T14:03:39","date_gmt":"2021-11-15T13:03:39","guid":{"rendered":"http:\/\/www.web228.lx16.ihr-host.de\/?page_id=419"},"modified":"2021-11-15T14:03:40","modified_gmt":"2021-11-15T13:03:40","slug":"percer-maintenant-avec-le-laser","status":"publish","type":"page","link":"https:\/\/www.dr-lessing.de\/fr\/percer-maintenant-avec-le-laser\/","title":{"rendered":"Percer maintenant avec le laser"},"content":{"rendered":"<p>Le<strong> laser erbium<\/strong> peut \u00eatre une alternative \u00e0 l&rsquo;exercice dentaire traditionnel contre les caries et est utilis\u00e9s pratiquement et efficace.<\/p>\n<p>Les avantages de ce laser sont les suivantes:<\/p>\n<p><img loading=\"lazy\" decoding=\"async\" class=\"alignnone wp-image-420 size-full\" src=\"https:\/\/www.dr-lessing.de\/wp-content\/uploads\/2021\/11\/laser-icons_francais.jpg\" alt=\"\" width=\"400\" height=\"390\" \/><\/p>\n<hr \/>\n<p><img loading=\"lazy\" decoding=\"async\" class=\"alignleft wp-image-130 size-full\" src=\"https:\/\/www.dr-lessing.de\/wp-content\/uploads\/2021\/11\/laser.jpg\" alt=\"Zahnarzt Freiburg Dr. Lessing Laser bohren\" width=\"200\" height=\"299\" \/><\/p>\n<p>Le principe de fonctionnement de ce type de laser est bas\u00e9e sur l&rsquo;\u00e9vaporation subite de la dent, et dans de nombreux produits d&rsquo;obturation dentaire contenait de l&rsquo;eau. Depuis caries contient plus d&rsquo;eau que des dents saines, <strong>la carie <\/strong>de l&rsquo;environnement et <strong>moins douloureuse et plus doucement enlev\u00e9e<\/strong> comme avec la perceuse.<\/p>\n<p>Le laser laisse <strong>une dent extr\u00eamement propre<\/strong>, sans film lubrifiant bact\u00e9rienne entrecoup\u00e9es que dans le forage r\u00e9el. Sur la surface rugueuse des restaurations en composite mieux entretenus.<\/p>\n<p>Gr\u00e2ce au travail sans contact \u00e9limine les mauvaises \u00ab\u00a0rumble\u00a0\u00bb. L&rsquo;une des raisons pour le laser pour refroidir les enfants anxieux.<\/p>\n<p>Les avantages de notre dispositif de second laser, un<strong> laser n\u00e9odyme<\/strong>:<\/p>\n<p><img loading=\"lazy\" decoding=\"async\" class=\"alignnone wp-image-423 size-full\" src=\"https:\/\/www.dr-lessing.de\/wp-content\/uploads\/2021\/11\/icons_neodym-laser_francais-1.jpg\" alt=\"\" width=\"400\" height=\"259\" \/><\/p>\n<hr \/>\n<p><img loading=\"lazy\" decoding=\"async\" class=\"alignleft wp-image-128 size-full\" src=\"https:\/\/www.dr-lessing.de\/wp-content\/uploads\/2021\/11\/laser_02.jpg\" alt=\"Zahnarzt Freiburg Dr. Lessing Laser bohren\" width=\"200\" height=\"299\" \/><\/p>\n<p>Le principe de fonctionnement est bas\u00e9 \u00e0 sa p\u00e9n\u00e9tration et une excellente pr\u00e9cision. Cet effet peut \u00eatre utilis\u00e9 pour les douleurs de toutes sortes, que ce soit Nachschmerzen des dents trait\u00e9es avec <strong>aphtes<\/strong>, <strong>herp\u00e8s<\/strong>, <strong>cicatrices inqui\u00e9tant<\/strong> pour la<strong> gu\u00e9rison acc\u00e9l\u00e9r\u00e9e de gonflement<\/strong>.<\/p>\n<p>Le deuxi\u00e8me grand domaine sont tr\u00e8s importantes <strong>traitement du canal radiculaire<\/strong> des dents infect\u00e9es ou beherdeten, parce que le syst\u00e8me de canaux ramifi\u00e9s complexes peuvent \u00eatre nettoy\u00e9s m\u00e9caniquement incompl\u00e8te, la lumi\u00e8re laser, mais aussi atteint les canals lat\u00e8reaux.<\/p>\n","protected":false},"excerpt":{"rendered":"<p>Le laser erbium peut \u00eatre une alternative \u00e0 l&rsquo;exercice dentaire traditionnel contre les caries et est utilis\u00e9s pratiquement et efficace. Les avantages de ce laser sont les suivantes: Le principe de fonctionnement de ce type de laser est bas\u00e9e sur l&rsquo;\u00e9vaporation subite de la dent, et dans de nombreux produits d&rsquo;obturation dentaire contenait de l&rsquo;eau. &hellip; <\/p>\n<p class=\"link-more\"><a href=\"https:\/\/www.dr-lessing.de\/fr\/percer-maintenant-avec-le-laser\/\" class=\"more-link\">Continuer la lecture<span class=\"screen-reader-text\"> de &laquo;&nbsp;Percer maintenant avec le laser&nbsp;&raquo;<\/span><\/a><\/p>\n","protected":false},"author":1,"featured_media":0,"parent":0,"menu_order":0,"comment_status":"closed","ping_status":"closed","template":"","meta":{"footnotes":""},"class_list":["post-419","page","type-page","status-publish","hentry"],"_links":{"self":[{"href":"https:\/\/www.dr-lessing.de\/fr\/wp-json\/wp\/v2\/pages\/419","targetHints":{"allow":["GET"]}}],"collection":[{"href":"https:\/\/www.dr-lessing.de\/fr\/wp-json\/wp\/v2\/pages"}],"about":[{"href":"https:\/\/www.dr-lessing.de\/fr\/wp-json\/wp\/v2\/types\/page"}],"author":[{"embeddable":true,"href":"https:\/\/www.dr-lessing.de\/fr\/wp-json\/wp\/v2\/users\/1"}],"replies":[{"embeddable":true,"href":"https:\/\/www.dr-lessing.de\/fr\/wp-json\/wp\/v2\/comments?post=419"}],"version-history":[{"count":0,"href":"https:\/\/www.dr-lessing.de\/fr\/wp-json\/wp\/v2\/pages\/419\/revisions"}],"wp:attachment":[{"href":"https:\/\/www.dr-lessing.de\/fr\/wp-json\/wp\/v2\/media?parent=419"}],"curies":[{"name":"wp","href":"https:\/\/api.w.org\/{rel}","templated":true}]}}