{"id":408,"date":"2021-11-15T13:47:27","date_gmt":"2021-11-15T12:47:27","guid":{"rendered":"http:\/\/www.web228.lx16.ihr-host.de\/?page_id=408"},"modified":"2021-11-15T13:47:28","modified_gmt":"2021-11-15T12:47:28","slug":"materiaux-dentaires-biologiques","status":"publish","type":"page","link":"https:\/\/www.dr-lessing.de\/fr\/materiaux-dentaires-biologiques\/","title":{"rendered":"Mat\u00e9riaux dentaires biologiques"},"content":{"rendered":"<p><img loading=\"lazy\" decoding=\"async\" class=\"alignleft wp-image-125\" src=\"https:\/\/www.dr-lessing.de\/wp-content\/uploads\/2021\/11\/vertraegliche-zahnmaterialien.jpg\" alt=\"ahnarzt Freiburg biologische vertraegliche Zahnmaterialien Dr. Lessing\" width=\"248\" height=\"300\" \/>La dentisterie est la discipline m\u00e9dicale qui int\u00e8gre la plupart des mati\u00e8res \u00e9trang\u00e8res dans le patient. Plus et les maladies des mat\u00e9riaux de remplacement plus souvent la cause dentaire chronique terialien\u00a0 (<a title=\"www.inflammatio.de\" href=\"http:\/\/www.inflammatio.de\" target=\"_blank\" rel=\"noopener\">www.inflammatio.de<\/a>).<\/p>\n<p>Les <strong>facteurs de stress s\u00e9v\u00e8re<\/strong> peut \u00eatre <strong>obturations \u00e0 l&rsquo;amalgame<\/strong> et les <strong>dents root-remplie<\/strong>, le plus souvent des couronnes et des ponts, surtout si elles contiennent du <strong>palladium<\/strong>, du mat\u00e9riel de proth\u00e8se et les soldats, parfois entre parenth\u00e8ses orthodontiques et arcs, m\u00eame en principe tous les mat\u00e9riaux utilis\u00e9s dans la bouche.<\/p>\n<p><strong>L`obturations \u00e0 l&rsquo;amalgame<\/strong> est l&rsquo;objet de discussions permanentes, <strong>une exposition au mercure<\/strong> pour le patient et l&rsquo;\u00e9quipe de traitement se d\u00e9veloppe pendant l&rsquo;insertion et le retrait des amalgames. Utilisation d&rsquo;aspiration seule dent ou de protection en caoutchouc, ces garnitures peuvent \u00eatre retir\u00e9s largeur moins d&rsquo;effets secondaires.<\/p>\n<p>En collaboration avec des <strong>naturopathes<\/strong>, des mat\u00e9riaux appropri\u00e9s sont s\u00e9lectionn\u00e9s pour vous. Ciments dentaires peuvent \u00eatre m\u00e9lang\u00e9s sans spatule m\u00e9tallique. <strong>Restaurations sans m\u00e9tal <\/strong>sont fabriqu\u00e9s dans un laboratoire dentaire sp\u00e9cialis\u00e9 en proth\u00e8ses biologiques (www.dentaltechnik-maier.de). Couronnes sans m\u00e9tal, les ponts en c\u00e9ramique ou en plastique, clip proth\u00e8ses partielles, les restaurations t\u00e9lescopiques, accessoires, coiffes &#8211; tout peut \u00eatre fabriqu\u00e9 totalement exempts de m\u00e9taux et pourtant \u00eatre durable.<\/p>\n","protected":false},"excerpt":{"rendered":"<p>La dentisterie est la discipline m\u00e9dicale qui int\u00e8gre la plupart des mati\u00e8res \u00e9trang\u00e8res dans le patient. Plus et les maladies des mat\u00e9riaux de remplacement plus souvent la cause dentaire chronique terialien\u00a0 (www.inflammatio.de). Les facteurs de stress s\u00e9v\u00e8re peut \u00eatre obturations \u00e0 l&rsquo;amalgame et les dents root-remplie, le plus souvent des couronnes et des ponts, surtout &hellip; <\/p>\n<p class=\"link-more\"><a href=\"https:\/\/www.dr-lessing.de\/fr\/materiaux-dentaires-biologiques\/\" class=\"more-link\">Continuer la lecture<span class=\"screen-reader-text\"> de &laquo;&nbsp;Mat\u00e9riaux dentaires biologiques&nbsp;&raquo;<\/span><\/a><\/p>\n","protected":false},"author":1,"featured_media":0,"parent":0,"menu_order":0,"comment_status":"closed","ping_status":"closed","template":"","meta":{"footnotes":""},"class_list":["post-408","page","type-page","status-publish","hentry"],"_links":{"self":[{"href":"https:\/\/www.dr-lessing.de\/fr\/wp-json\/wp\/v2\/pages\/408","targetHints":{"allow":["GET"]}}],"collection":[{"href":"https:\/\/www.dr-lessing.de\/fr\/wp-json\/wp\/v2\/pages"}],"about":[{"href":"https:\/\/www.dr-lessing.de\/fr\/wp-json\/wp\/v2\/types\/page"}],"author":[{"embeddable":true,"href":"https:\/\/www.dr-lessing.de\/fr\/wp-json\/wp\/v2\/users\/1"}],"replies":[{"embeddable":true,"href":"https:\/\/www.dr-lessing.de\/fr\/wp-json\/wp\/v2\/comments?post=408"}],"version-history":[{"count":0,"href":"https:\/\/www.dr-lessing.de\/fr\/wp-json\/wp\/v2\/pages\/408\/revisions"}],"wp:attachment":[{"href":"https:\/\/www.dr-lessing.de\/fr\/wp-json\/wp\/v2\/media?parent=408"}],"curies":[{"name":"wp","href":"https:\/\/api.w.org\/{rel}","templated":true}]}}