{"id":457,"date":"2021-11-15T18:57:32","date_gmt":"2021-11-15T17:57:32","guid":{"rendered":"http:\/\/www.web228.lx16.ihr-host.de\/?page_id=457"},"modified":"2021-11-15T18:57:33","modified_gmt":"2021-11-15T17:57:33","slug":"imprint","status":"publish","type":"page","link":"https:\/\/www.dr-lessing.de\/en\/imprint\/","title":{"rendered":"Imprint"},"content":{"rendered":"<h2>Information provided according to Sec. 5 German Telemedia Act (TMG):<\/h2>\n<p>Rolf Lessing<br \/>\nZahnarzt und Fachzahnarzt f\u00fcr Oralchirurgie in Freiburg<br \/>\nStarkenstra\u00dfe 19<br \/>\nD &#8211; 79104 Freiburg<\/p>\n<h3>Contact<\/h3>\n<p>Telephon: 0761 \u2212 3 58 34<br \/>\nTelefax: 0761 \u2212 3 58 63<br \/>\nE-Mail: praxis@dr-lessing.de<\/p>\n<h3>Activities focus<\/h3>\n<ul>\n<li>Implantology<\/li>\n<li>Laser-therapy<\/li>\n<li>Homeopathy<\/li>\n<\/ul>\n<h3>Authorisation granted by<\/h3>\n<p>Bundesrepublik Deutschland<\/p>\n<h3>Job title<\/h3>\n<p>Zahnarzt, Fachzahnarzt f\u00fcr Oralchirugie<\/p>\n<h3>Supervising authority<\/h3>\n<p>Sozialministerium Baden-W\u00fcrttemberg<br \/>\nSchellingstr. 15<br \/>\n70174 Stuttgart<br \/>\n<a href=\"https:\/\/sozialministerium.baden-wuerttemberg.de\/de\/startseite\/\" target=\"_blank\" rel=\"noopener\">&gt; https:\/\/sozialministerium.baden-wuerttemberg.de\/de\/startseite\/<\/a><\/p>\n<p>Landeszahn\u00e4rztekammer Baden-W\u00fcrttemberg<br \/>\nAlbstadtweg 9<br \/>\n70567 Stuttgart<br \/>\nTelefon: +49 (0)7 11 \/ 2 28 45 \u2013 0<br \/>\nTelefax: +49 (0)7 11 \/ 2 28 45 \u2013 44<br \/>\nE-Mail: <a href=\"mailto:info@lzk-bw.de\">info@lzk-bw.de<\/a><br \/>\n<a href=\"http:\/\/www.lzk-bw.de\/\" target=\"_blank\" rel=\"noopener noreferrer\">&gt; https:\/\/www.lzk-bw.de<\/a><\/p>\n<h3>Responsible Kassenzahn\u00e4rztliche Vereinigung<\/h3>\n<p>Kassenzahn\u00e4rztliche Vereinigung Baden-W\u00fcrttemberg<br \/>\nK\u00f6rperschaft des \u00f6ffentlichen Rechts<br \/>\nHauptverwaltung:<br \/>\nAlbstadtweg 9<br \/>\n70567 Stuttgart<br \/>\nTel: 0711-7877-0<br \/>\n<a href=\"http:\/\/www.kzvbw.de\/\" target=\"_blank\" rel=\"noopener noreferrer\">&gt; https:\/\/www.kzvbw.de<\/a><\/p>\n<p>Kassenzahn\u00e4rztliche Vereinigung Baden-W\u00fcrttemberg<br \/>\nBezirksdirektion Freiburg<br \/>\nK\u00f6rperschaft des \u00f6ffentlichen Recht<br \/>\nMerzhauser Str. 114-116<br \/>\n79100 Freiburg<br \/>\nTel: 0761-45060<br \/>\n<a href=\"http:\/\/www.kzvbw.de\/site\/ueber-uns\/kontakt\/kontakt-bd-freiburg\" target=\"_blank\" rel=\"noopener\">&gt; https:\/\/www.kzvbw.de\/site\/ueber-uns\/kontakt\/kontakt-bd-freiburg<\/a><\/p>\n<h3>Responsible board<\/h3>\n<p>Landeszahn\u00e4rztekammer Baden-W\u00fcrttemberg<br \/>\nAlbstadtweg 9<br \/>\n70567 Stuttgart<br \/>\nTel: 0711-228450<br \/>\n<a href=\"http:\/\/www.lzk-bw.de\/\" target=\"_blank\" rel=\"noopener noreferrer\">&gt; https:\/\/www.lzk-bw.de<\/a><\/p>\n<p>Bezirkszahn\u00e4rztekammer Freiburg<br \/>\nMerzhauser Str. 114-116<br \/>\nD- 79100 Freiburg<br \/>\nTel: 0761-45060<br \/>\n<a href=\"https:\/\/lzk-bw.de\/die-kammer\/bezirkszahnaerztekammern\/freiburg\/\" target=\"_blank\" rel=\"noopener\">&gt; https:\/\/lzk-bw.de\/die-kammer\/bezirkszahnaerztekammern\/freiburg\/<\/a><\/p>\n<h3>Job title and professional regulations<\/h3>\n<p>The following professional regulations apply:<\/p>\n<ul>\n<li>Gesetz \u00fcber die Aus\u00fcbung der Zahnheilkunde (Zahnheilkundegesetz)<\/li>\n<li>Heilberufe-Kammergesetz<\/li>\n<li>Berufsordnung f\u00fcr Zahn\u00e4rzte<\/li>\n<li>Geb\u00fchrenordnung f\u00fcr Zahn\u00e4rzte (GOZ)<\/li>\n<\/ul>\n<p>Professional regulations can be looked up here:<br \/>\n<a href=\"https:\/\/lzk-bw.de\/patienten\/gesetzliche-regelungen-zur-zahnaerztlichen-berufsausuebung\/\" target=\"_blank\" rel=\"noopener\">&gt; https:\/\/lzk-bw.de\/patienten\/gesetzliche-regelungen-zur-zahnaerztlichen-berufsausuebung\/<\/a><\/p>\n<h3>Professional Liability Insurance<\/h3>\n<p>Alte Leipziger<br \/>\nVersicherung Aktiengesellschaft<br \/>\nAlte Leipziger-Platz 1<br \/>\n61440 Oberursel (Taunus)<\/p>\n<h3>Liable for content according \u00a7 6 MDStV<\/h3>\n<p>Dr. med. dent. Rolf Lessing<\/p>\n<h3>Dispute resolution<\/h3>\n<p>We do not take part in online dispute resolutions at consumer arbitration boards.<\/p>\n<h3>Liability for Contents<\/h3>\n<p>As service providers, we are liable for own contents of these websites according to Sec. 7, paragraph 1 German Telemedia Act (TMG). However, according to Sec. 8 to 10 German Telemedia Act (TMG), service providers are not obligated to permanently monitor submitted or stored information or to search for evidences that indicate illegal activities.<\/p>\n<p>Legal obligations to removing information or to blocking the use of information remain unchallenged. In this case, liability is only possible at the time of knowledge about a specific violation of law. Illegal contents will be removed immediately at the time we get knowledge of them.<\/p>\n<h3>Liability for Links<\/h3>\n<p>Our offer includes links to external third party websites. We have no influence on the contents of those websites, therefore we cannot guarantee for those contents. Providers or administrators of linked websites are always responsible for their own contents.<\/p>\n<p>The linked websites had been checked for possible violations of law at the time of the establishment of the link. Illegal contents were not detected at the time of the linking. A permanent monitoring of the contents of linked websites cannot be imposed without reasonable indications that there has been a violation of law. Illegal links will be removed immediately at the time we get knowledge of them.<\/p>\n<h3>Copyright<\/h3>\n<p>Contents and compilations published on these websites by the providers are subject to German copyright laws. Reproduction, editing, distribution as well as the use of any kind outside the scope of the copyright law require a written permission of the author or originator. Downloads and copies of these websites are permitted for private use only.<br \/>\nThe commercial use of our contents without permission of the originator is prohibited.<\/p>\n<p>Copyright laws of third parties are respected as long as the contents on these websites do not originate from the provider. Contributions of third parties on this site are indicated as such. However, if you notice any violations of copyright law, please inform us. Such contents will be removed immediately.<\/p>\n<h3>Bildnachweis<\/h3>\n<table border=\"0\" summary=\"Zahnarzt Freiburg Dr. Lessing Bildnachweis\" width=\"500\" cellspacing=\"0\" cellpadding=\"0\">\n<tbody>\n<tr>\n<td valign=\"top\" width=\"120\">\n<p class=\"nullpadding\" align=\"left\"><strong>Seite<\/strong><\/p>\n<\/td>\n<td valign=\"top\"><strong>Quelle<\/strong><\/td>\n<\/tr>\n<tr>\n<td valign=\"top\" width=\"120\">\n<p class=\"nullpadding\" align=\"left\">Home Background window<\/p>\n<\/td>\n<td valign=\"top\">\u00a9 Serghei Velusceac &#8211; Fotolia.com<\/td>\n<\/tr>\n<tr>\n<td valign=\"top\" width=\"120\">\n<p class=\"nullpadding\" align=\"left\">Language icons<\/p>\n<\/td>\n<td valign=\"top\">\u00a9 issumbosi &#8211; Fotolia.com<\/td>\n<\/tr>\n<tr>\n<td valign=\"top\" width=\"160\">\n<p class=\"nullpadding\" align=\"left\">Kindervorsorge<\/p>\n<\/td>\n<td valign=\"top\">\u00a9 karelnoppe &#8211; Fotolia.com<\/td>\n<\/tr>\n<tr>\n<td valign=\"top\" width=\"160\">\n<p class=\"nullpadding\" align=\"left\">Kieferorthop\u00e4die<\/p>\n<\/td>\n<td valign=\"top\">\u00a9 draw05 &#8211; Fotolia.com<\/td>\n<\/tr>\n<tr>\n<td valign=\"top\" width=\"160\">\n<p class=\"nullpadding\" align=\"left\">Zahnarztangst<\/p>\n<\/td>\n<td valign=\"top\">\u00a9 Robert Hoetink &#8211; Fotolia.com<\/td>\n<\/tr>\n<tr>\n<td valign=\"top\" width=\"160\">\n<p class=\"nullpadding\" align=\"left\">Prophylaxe<\/p>\n<\/td>\n<td valign=\"top\">\u00a9 Valeriy Velikov &#8211; Fotolia.com<\/td>\n<\/tr>\n<tr>\n<td valign=\"top\" width=\"160\">\n<p class=\"nullpadding\" align=\"left\">Phantom Zahnkaries<\/p>\n<\/td>\n<td valign=\"top\">\u00a9 Visions-AD &#8211; Fotolia.com<\/td>\n<\/tr>\n<tr>\n<td valign=\"top\" width=\"160\">\n<p class=\"nullpadding\" align=\"left\">Sch\u00f6ne Z\u00e4hne<\/p>\n<\/td>\n<td valign=\"top\">\u00a9 karelnoppe &#8211; Fotolia.com<\/td>\n<\/tr>\n<tr>\n<td valign=\"top\" width=\"160\">\n<p class=\"nullpadding\" align=\"left\">Zahnfleischprobleme<\/p>\n<\/td>\n<td valign=\"top\">\u00a9 Christoph H\u00e4hnel &#8211; Fotolia.com<\/td>\n<\/tr>\n<tr>\n<td valign=\"top\" width=\"160\">\n<p class=\"nullpadding\" align=\"left\">Wurzelbehandlung<\/p>\n<\/td>\n<td valign=\"top\">\u00a9 astronoman &#8211; Fotolia.com<\/td>\n<\/tr>\n<tr>\n<td valign=\"top\" width=\"160\">\n<p class=\"nullpadding\" align=\"left\">Zahnimplantate<\/p>\n<\/td>\n<td valign=\"top\">\u00a9 Fotofrank &#8211; Fotolia.com<\/td>\n<\/tr>\n<tr>\n<td valign=\"top\" width=\"160\">\n<p class=\"nullpadding\" align=\"left\">Vertr\u00e4gliche Zahnmaterialien<\/p>\n<\/td>\n<td valign=\"top\">\u00a9 reineg &#8211; Fotolia.com<\/td>\n<\/tr>\n<tr>\n<td valign=\"top\" width=\"160\">\n<p class=\"nullpadding\" align=\"left\">Kiefergelenk<\/p>\n<\/td>\n<td valign=\"top\">\u00a9 Robert Kneschke &#8211; Fotolia.com<\/td>\n<\/tr>\n<tr>\n<td valign=\"top\" width=\"160\">\n<p class=\"nullpadding\" align=\"left\">Weisheitszahn<\/p>\n<\/td>\n<td valign=\"top\">\u00a9 VRD- Fotolia.com<\/td>\n<\/tr>\n<tr>\n<td valign=\"top\" width=\"160\">\n<p class=\"nullpadding\" align=\"left\">Hom\u00f6opathie<\/p>\n<\/td>\n<td valign=\"top\">\u00a9 Sonja Birkelbach- Fotolia.com<\/td>\n<\/tr>\n<tr>\n<td valign=\"top\" width=\"160\">\n<p class=\"nullpadding\" align=\"left\">Seniorenheim<\/p>\n<\/td>\n<td valign=\"top\">\u00a9 Peter Atkins- Fotolia.com<\/td>\n<\/tr>\n<tr>\n<td valign=\"top\" width=\"160\">\n<p class=\"nullpadding\" align=\"left\">Icons Praxisprofil<\/p>\n<\/td>\n<td valign=\"top\">\u00a9 Alex Belomlinsky- Istockphoto.com<\/td>\n<\/tr>\n<\/tbody>\n<\/table>\n<h3>Webdesign und Programmierung<\/h3>\n<p>CAVALLUCCI | MEDIEN UND MARKETING | Werbung f\u00fcr Medizin, \u00c4rzte, Zahn\u00e4rzte, Heilberufler<br \/>\nAnnaplatz 3 | 79100 Freiburg | Tel. 0761.7 07 54 04<br \/>\n<a href=\"http:\/\/www.cavallucci.de\" target=\"_blank\" rel=\"noopener\">CAVALLUCCI MEDIEN UND MARKETING Werbeagentur Freiburg, www.cavallucci.de<\/a><\/p>\n","protected":false},"excerpt":{"rendered":"<p>Information provided according to Sec. 5 German Telemedia Act (TMG): Rolf Lessing Zahnarzt und Fachzahnarzt f\u00fcr Oralchirurgie in Freiburg Starkenstra\u00dfe 19 D &#8211; 79104 Freiburg Contact Telephon: 0761 \u2212 3 58 34 Telefax: 0761 \u2212 3 58 63 E-Mail: praxis@dr-lessing.de Activities focus Implantology Laser-therapy Homeopathy Authorisation granted by Bundesrepublik Deutschland Job title Zahnarzt, Fachzahnarzt f\u00fcr &hellip; <\/p>\n<p class=\"link-more\"><a href=\"https:\/\/www.dr-lessing.de\/en\/imprint\/\" class=\"more-link\">Continue reading<span class=\"screen-reader-text\"> &#8220;Imprint&#8221;<\/span><\/a><\/p>\n","protected":false},"author":1,"featured_media":0,"parent":0,"menu_order":0,"comment_status":"closed","ping_status":"closed","template":"","meta":{"footnotes":""},"class_list":["post-457","page","type-page","status-publish","hentry"],"_links":{"self":[{"href":"https:\/\/www.dr-lessing.de\/en\/wp-json\/wp\/v2\/pages\/457","targetHints":{"allow":["GET"]}}],"collection":[{"href":"https:\/\/www.dr-lessing.de\/en\/wp-json\/wp\/v2\/pages"}],"about":[{"href":"https:\/\/www.dr-lessing.de\/en\/wp-json\/wp\/v2\/types\/page"}],"author":[{"embeddable":true,"href":"https:\/\/www.dr-lessing.de\/en\/wp-json\/wp\/v2\/users\/1"}],"replies":[{"embeddable":true,"href":"https:\/\/www.dr-lessing.de\/en\/wp-json\/wp\/v2\/comments?post=457"}],"version-history":[{"count":0,"href":"https:\/\/www.dr-lessing.de\/en\/wp-json\/wp\/v2\/pages\/457\/revisions"}],"wp:attachment":[{"href":"https:\/\/www.dr-lessing.de\/en\/wp-json\/wp\/v2\/media?parent=457"}],"curies":[{"name":"wp","href":"https:\/\/api.w.org\/{rel}","templated":true}]}}